{"id":19,"date":"2021-02-23T20:52:33","date_gmt":"2021-02-23T19:52:33","guid":{"rendered":"http:\/\/www.ema-design.at\/CAS2021\/?page_id=19"},"modified":"2025-06-21T18:49:50","modified_gmt":"2025-06-21T16:49:50","slug":"forum","status":"publish","type":"page","link":"https:\/\/club-alpbach-salzburg.org\/?page_id=19","title":{"rendered":"Forum"},"content":{"rendered":"<p>[et_pb_section fb_built=&#8220;1&#8243; fullwidth=&#8220;on&#8220; _builder_version=&#8220;4.7.7&#8243; _module_preset=&#8220;default&#8220; height=&#8220;520px&#8220; hover_enabled=&#8220;0&#8243; sticky_enabled=&#8220;0&#8243;][et_pb_fullwidth_slider _builder_version=&#8220;4.7.7&#8243; _module_preset=&#8220;default&#8220; header_font=&#8220;|600|||||||&#8220; background_image=&#8220;http:\/\/www.ema-design.at\/CAS2021\/wp-content\/uploads\/2021\/02\/Salzburg-Alpbach1.jpg&#8220; height=&#8220;520px&#8220; custom_padding=&#8220;||||false|false&#8220; hover_enabled=&#8220;0&#8243; sticky_enabled=&#8220;0&#8243;][et_pb_slide heading=&#8220;Das Europ\u00e4ische Forum Alpbach&#8220; _builder_version=&#8220;4.7.7&#8243; _module_preset=&#8220;default&#8220; use_background_color_gradient=&#8220;on&#8220; background_color_gradient_start=&#8220;rgba(0,0,0,0)&#8220; background_color_gradient_end=&#8220;rgba(57,58,62,0)&#8220; background_color_gradient_start_position=&#8220;37%&#8220; background_color_gradient_overlays_image=&#8220;on&#8220; background_image=&#8220;https:\/\/club-alpbach-salzburg.org\/wp-content\/uploads\/2025\/01\/Zotteralm-view-header-1-scaled.jpg&#8220; background_enable_image=&#8220;on&#8220; hover_enabled=&#8220;0&#8243; sticky_transition=&#8220;on&#8220; sticky_enabled=&#8220;0&#8243;]<\/p>\n<h2>16. August &#8211; 29. August 2025<\/h2>\n<p>[\/et_pb_slide][\/et_pb_fullwidth_slider][\/et_pb_section][et_pb_section fb_built=&#8220;1&#8243; _builder_version=&#8220;4.7.7&#8243; _module_preset=&#8220;default&#8220;][et_pb_row column_structure=&#8220;1_2,1_2&#8243; _builder_version=&#8220;4.7.7&#8243; _module_preset=&#8220;default&#8220;][et_pb_column type=&#8220;1_2&#8243; _builder_version=&#8220;4.7.7&#8243; _module_preset=&#8220;default&#8220;][et_pb_text _builder_version=&#8220;4.7.7&#8243; _module_preset=&#8220;default&#8220;]<\/p>\n<div id=\"main\" class=\"clearfix \">\n<div class=\"alora-row\">\n<div id=\"content\" class=\"full-width\">\n<div id=\"post-5390\" class=\"post-5390 page type-page status-publish hentry\">\n<div class=\"post-content\">\n<p><span><\/span><\/p>\n<p><span><\/span><\/p>\n<p><span>Das Europ\u00e4ische Forum Alpbach ist ein interdisziplin\u00e4res, internationales Forum, das seit 1945 jedes Jahr im Sp\u00e4tsommer in dem kleinen Tiroler Bergdorf Alpbach stattfindet. <\/span><\/p>\n<p><span><\/span><\/p>\n<h1><span><\/span><\/h1>\n<h1><span>Was macht das Europ\u00e4ische Forum Alpbach besonders?<br \/> <\/span><strong>Die Menschen.<\/strong><\/h1>\n<p><strong><\/strong><\/p>\n<p><span>Die Molekularbiologin trifft auf den Philosophen, der Soziologiestudent auf die\u00a0Bankerin, die Forscherin aus Bukarest trifft auf Schriftstellerinnen aus Tokio, der Barkeeper auf den Pr\u00e4sidenten. Diese Begegnungen und die Erfahrung, wie viel Neues man sich zu sagen hat, machen Alpbach aus. Was die Unterschiede \u00fcberbr\u00fcckt ist ungew\u00f6hnliche Offenheit, breites Interesse, starkes Engagement.<\/span><\/p>\n<p><span><\/span><\/p>\n<div class=\"region region-content\">\n<div id=\"node-9\" class=\"node node-statische-seite view-mode-full clearfix\">\n<div class=\"content\">\n<div class=\"field field-name-body field-type-text-with-summary field-label-hidden\">\n<div class=\"field-items\">\n<div class=\"field-item even\">\n<p>&nbsp;<\/p>\n<p>&nbsp;<\/p>\n<\/div>\n<\/div>\n<\/div>\n<\/div>\n<\/div>\n<\/div>\n<\/div>\n<\/div>\n<\/div>\n<\/div>\n<\/div>\n<footer id=\"footer\">\n<div class=\"alora-row\">\n<div class=\"copyright-area-content\">\n<div class=\"copyright\"><\/div>\n<\/div>\n<\/div>\n<\/footer>\n<p>[\/et_pb_text][et_pb_image src=&#8220;https:\/\/club-alpbach-salzburg.org\/wp-content\/uploads\/2025\/01\/leadership-bean.png&#8220; title_text=&#8220;leadership bean&#8220; _builder_version=&#8220;4.7.7&#8243; _module_preset=&#8220;default&#8220;][\/et_pb_image][et_pb_text _builder_version=&#8220;4.7.7&#8243; _module_preset=&#8220;default&#8220;]<\/p>\n<p style=\"text-align: right;\">Foto: Susanne Roberts, \u00a0Europ\u00e4isches Forum Alpbach<\/p>\n<p>[\/et_pb_text][et_pb_text _builder_version=&#8220;4.7.7&#8243; _module_preset=&#8220;default&#8220;]<\/p>\n<div id=\"main\" class=\"clearfix \">\n<div class=\"alora-row\">\n<div id=\"content\" class=\"full-width\">\n<div id=\"post-5390\" class=\"post-5390 page type-page status-publish hentry\">\n<div class=\"post-content\">\n<p><span style=\"color: #363e5e; font-size: 30px;\">Was macht das Europ\u00e4ische Forum Alpbach besonders?<br \/> <\/span><strong style=\"font-size: 30px; color: #363e5e;\">Die Interdisziplinarit\u00e4t.<\/strong><\/p>\n<p><span><\/span><span style=\"font-size: 14px;\">Technologiegespr\u00e4che, Politikgespr\u00e4che, Gesundheitsgespr\u00e4che sowie Wirtschafts- und Finanzmarktgespr\u00e4che sind die gro\u00dfen \u00dcberschriften des Forums. Beitr\u00e4ge aus der Kunst begleiten die Gespr\u00e4che vom ersten bis zum letzten Tag: Performances, Lesungen, Konzerte, Ausstellungen. Ziel ist die Zusammenschau der Wissensfelder und das Zusammenbringen unterschiedlicher Kompetenzen, Ansichten und Generationen.<\/span><\/p>\n<p><span><\/span><\/p>\n<p><span><\/span><\/p>\n<p><span><\/span><\/p>\n<p>&nbsp;<\/p>\n<\/div>\n<\/div>\n<\/div>\n<\/div>\n<\/div>\n<p>&nbsp;<\/p>\n<p>[\/et_pb_text][et_pb_image src=&#8220;https:\/\/club-alpbach-salzburg.org\/wp-content\/uploads\/2025\/01\/Sam-bean.png&#8220; title_text=&#8220;Sam bean&#8220; _builder_version=&#8220;4.7.7&#8243; _module_preset=&#8220;default&#8220;][\/et_pb_image][et_pb_text _builder_version=&#8220;4.7.7&#8243; _module_preset=&#8220;default&#8220;]<\/p>\n<p style=\"text-align: right;\">Foto: Marko Risovic, \u00a0Europ\u00e4isches Forum Alpbach<\/p>\n<p>[\/et_pb_text][\/et_pb_column][et_pb_column type=&#8220;1_2&#8243; _builder_version=&#8220;4.7.7&#8243; _module_preset=&#8220;default&#8220;][et_pb_image src=&#8220;https:\/\/club-alpbach-salzburg.org\/wp-content\/uploads\/2025\/01\/DJ-Social-CAS.png&#8220; title_text=&#8220;DJ Social CAS&#8220; _builder_version=&#8220;4.7.7&#8243; _module_preset=&#8220;default&#8220;][\/et_pb_image][et_pb_text _builder_version=&#8220;4.7.7&#8243; _module_preset=&#8220;default&#8220;]<\/p>\n<p style=\"text-align: right;\">Foto: Gandolf Feigl,\u00a0Europ\u00e4isches Forum Alpbach<\/p>\n<p>[\/et_pb_text][et_pb_text _builder_version=&#8220;4.7.7&#8243; _module_preset=&#8220;default&#8220;]<\/p>\n<h1><span>Was macht das Europ\u00e4ische Forum Alpbach besonders?<br \/> <\/span><strong>Der Ort.<\/strong><\/h1>\n<p>In Alpbach gibt es 22 Erbh\u00f6fe, eine stolze Tracht, ein paar steile Stra\u00dfen, ein paar sch\u00f6ne Gipfel, wunderbare Kasnockn, fragw\u00fcrdigen Schnaps und ein Wirtshaus, in dem am Abend alle zusammenkommen. Alles ist zu Fu\u00df erreichbar, Berg und Wiese sind nie weit. Alpbach ist ein \u00f6sterreichisches Feriendorf vom Feinsten, in das sich ein internationaler Denkerkongress verirrt hat. Die N\u00e4he, die Einfachheit, das Andere: Alpbach hilft beim Denken und Begegnen, es ist die Tiroler Zauberzutat des Forums.<\/p>\n<p>[\/et_pb_text][et_pb_image src=&#8220;https:\/\/club-alpbach-salzburg.org\/wp-content\/uploads\/2025\/01\/Prosper-bean.png&#8220; title_text=&#8220;Prosper bean&#8220; _builder_version=&#8220;4.7.7&#8243; _module_preset=&#8220;default&#8220;][\/et_pb_image][et_pb_text _builder_version=&#8220;4.7.7&#8243; _module_preset=&#8220;default&#8220;]<\/p>\n<p style=\"text-align: right;\">Foto: Marko Risovic, \u00a0Europ\u00e4isches Forum Alpbach<\/p>\n<p>[\/et_pb_text][et_pb_text _builder_version=&#8220;4.7.7&#8243; _module_preset=&#8220;default&#8220;]<\/p>\n<h1><span>Was macht das Europ\u00e4ische Forum Alpbach besonders?<br \/> <strong>Seine Geschichte.<\/strong><\/span><\/h1>\n<p><span>1945 versammeln sich junge Menschen aus \u00d6sterreich, Deutschland, den USA, Frankreich und der Schweiz und versuchen gemeinsam Europa neu zu denken. Das ist die Geburtsstunde des Europ\u00e4ischen Forums Alpbach. Dieses engagierte Wagnis auf andere zuzugehen, gegen deren Nationen die eigene gerade noch gek\u00e4mpft hat, ist das Erbe, das die Gr\u00fcnder Otto Molden und Simon Moser allen Stipendiat*innen und Teilnehmer*innen hinterlassen haben. Es ist Motivation, Inspiration, Mahnung &#8211; zur Offenheit, zur Ehrlichkeit, zum echten Gespr\u00e4ch.<\/span><\/p>\n<p>[\/et_pb_text][et_pb_image src=&#8220;https:\/\/club-alpbach-salzburg.org\/wp-content\/uploads\/2021\/07\/c-Wolfgang-Pfaundler-Archive-European-Forum-Alpbach_1951_kunstausstellung_Valenta-scaled_OVAL-Kopie.png&#8220; title_text=&#8220;c-Wolfgang-Pfaundler-Archive-European-Forum-Alpbach_1951_kunstausstellung_Valenta-scaled_OVAL Kopie&#8220; _builder_version=&#8220;4.7.7&#8243; _module_preset=&#8220;default&#8220;][\/et_pb_image][et_pb_text _builder_version=&#8220;4.7.7&#8243; _module_preset=&#8220;default&#8220;]<\/p>\n<p>Foto: Wolfgang Pfaundler, Archiv, European-Forum-Alpbach 1951, Kunstausstellung<\/p>\n<p>[\/et_pb_text][\/et_pb_column][\/et_pb_row][et_pb_row _builder_version=&#8220;4.7.7&#8243; _module_preset=&#8220;default&#8220;][et_pb_column type=&#8220;4_4&#8243; _builder_version=&#8220;4.7.7&#8243; _module_preset=&#8220;default&#8220;][et_pb_text _builder_version=&#8220;4.7.7&#8243; _module_preset=&#8220;default&#8220;]<\/p>\n<h1><strong>Themen und Tracks des EFA24<br \/> <\/strong><\/h1>\n<p><span><\/span><\/p>\n<h3>Klima<\/h3>\n<h3><span style=\"font-size: 14px; color: #666666;\"><span>Geopolitische Verh\u00e4ltnisse verschieben sich. Der Klimawandel f\u00fcgt unserem \u00d6kosystem und auch unseren Gesellschaften immer mehr Schaden zu. Prek\u00e4re Umweltbedingungen gef\u00e4hrden unser Leben und seine Grundlagen zusehends. Die Menschheit muss ihre Ma\u00dfnahmen zur Eind\u00e4mmung und zur Anpassung dringend ausbauen und sich dazu verpflichten, die Verantwortung f\u00fcr den Kampf gegen die beiden miteinander verschr\u00e4nkten Krisen \u2013 Klima und Biodiversit\u00e4t \u2013 gemeinsam zu tragen. Es gilt, eine solide Basis zu schaffen, um den \u00dcbergang zu einer klimagerechten und -neutralen Zukunft zu beschleunigen. Diese gelingt nur durch Systemwandel, transformative L\u00f6sungsans\u00e4tze sowie soziale und technologische Innovationen.<\/span> <\/span><\/h3>\n<p><span style=\"font-size: 14px; color: #666666;\"><\/span><\/p>\n<h3>Finanz und Wirtschaft<\/h3>\n<h3><span style=\"font-size: 14px; color: #666666;\">Die europ\u00e4ische Erfolgsgeschichte der Nachkriegszeit hat stagniert, was zu einem R\u00fcckgang der Wettbewerbsf\u00e4higkeit, wirtschaftlichem Ungleichgewicht und zunehmender sozialer Ungleichheit f\u00fchrt. Europa muss seine \u00f6konomischen und sicherheitspolitischen Abh\u00e4ngigkeiten in Angriff nehmen und die \u00f6kologische und digitale Transformation mit aller Kraft vorantreiben. Im Einklang mit zielgerichteter \u00f6ffentlicher Verwaltung und Budgetierung sind dynamische und integrierte Kapitalm\u00e4rkte unerl\u00e4sslich, um diese Ver\u00e4nderungen finanzieren zu k\u00f6nnen. \u00dcber den gesamten Kontinent hinweg m\u00fcssen die B\u00fcrger:innen dazu erm\u00e4chtigt werden, Finanzprodukte optimal zu nutzen<\/span><span style=\"font-size: 14px; color: #666666;\">\u00a0<\/span><\/h3>\n<p><span style=\"font-size: 14px; color: #666666;\"><\/span><\/p>\n<h3>Sicherheit<\/h3>\n<h3><span style=\"font-size: 14px; color: #666666;\">Europa befindet sich durch den wachsenden Konkurrenzkampf zwischen den USA und China in einer herausfordernden geopolitischen Lage. Diese ist weiters durch die Aush\u00f6hlung des Multilateralismus und einen Trend hin zur Multipolarit\u00e4t gekennzeichnet. Der russische Angriffskrieg in der Ukraine war ein Wendepunkt in der Europ\u00e4ischen Sicherheitspolitik und sollte als Weckruf f\u00fcr Europa verstanden werden. Europa muss endlich mehr Aufmerksamkeit auf Sicherheit und Verteidigung legen und seine Abh\u00e4ngigkeiten in kritischen Bereichen verringern.<\/span><\/h3>\n<h3><\/h3>\n<h3>Demokratie<\/h3>\n<h3><span style=\"font-size: 14px; color: #666666;\">Die Demokratie ist nach Jahrzehnten der Ausbreitung nun weltweit im R\u00fcckschritt. Wir erleben Polarisierung und den Aufschwung autorit\u00e4rer Politik. Sowohl Desinformation als auch das Misstrauen in Regierungen und Medien sind ma\u00dfgebliche Gr\u00fcnde; hinzu kommen Ungleichheit und das nicht eingel\u00f6ste Versprechen sozialen Aufstiegs. Demokratien m\u00fcssen resilienter und inklusiver werden. Um L\u00f6sungen zu entwickeln, die der heutigen Informationslage und dem Technologiekontext entsprechen, m\u00fcssen sich demokratischen Staaten, Zivilgesellschaft und Expert:innen aktiv zusammenschlie\u00dfen.<\/span><span style=\"font-size: 14px; color: #666666;\">\u00a0<\/span><\/h3>\n<p><strong>Veranstaltungszeitraum:<\/strong><span>\u00a017<\/span>. August \u2014 30. August 2024<\/p>\n<p>Genauere Informationen findest du<span>\u00a0<\/span><a href=\"https:\/\/2022.alpbach.org\/\">hier<\/a>.<\/p>\n<p>[\/et_pb_text][et_pb_video src=&#8220;https:\/\/vimeo.com\/194632632&#8243; _builder_version=&#8220;4.7.7&#8243; _module_preset=&#8220;default&#8220;][\/et_pb_video][et_pb_text _builder_version=&#8220;4.7.7&#8243; _module_preset=&#8220;default&#8220;]<\/p>\n<p style=\"text-align: right;\">Foto Header: Susanne Roberts,\u00a0Europ\u00e4isches Forum Alpbach<\/p>\n<p>[\/et_pb_text][\/et_pb_column][\/et_pb_row][\/et_pb_section]<\/p>\n","protected":false},"excerpt":{"rendered":"<p>[et_pb_section fb_built=&#8220;1&#8243; fullwidth=&#8220;on&#8220; _builder_version=&#8220;4.7.7&#8243; _module_preset=&#8220;default&#8220; height=&#8220;520px&#8220; hover_enabled=&#8220;0&#8243; sticky_enabled=&#8220;0&#8243;][et_pb_fullwidth_slider _builder_version=&#8220;4.7.7&#8243; _module_preset=&#8220;default&#8220; header_font=&#8220;|600|||||||&#8220; background_image=&#8220;http:\/\/www.ema-design.at\/CAS2021\/wp-content\/uploads\/2021\/02\/Salzburg-Alpbach1.jpg&#8220; height=&#8220;520px&#8220; custom_padding=&#8220;||||false|false&#8220; hover_enabled=&#8220;0&#8243; sticky_enabled=&#8220;0&#8243;][et_pb_slide heading=&#8220;Das Europ\u00e4ische Forum Alpbach&#8220; _builder_version=&#8220;4.7.7&#8243; _module_preset=&#8220;default&#8220; use_background_color_gradient=&#8220;on&#8220; background_color_gradient_start=&#8220;rgba(0,0,0,0)&#8220; background_color_gradient_end=&#8220;rgba(57,58,62,0)&#8220; background_color_gradient_start_position=&#8220;37%&#8220; background_color_gradient_overlays_image=&#8220;on&#8220; background_image=&#8220;https:\/\/club-alpbach-salzburg.org\/wp-content\/uploads\/2025\/01\/Zotteralm-view-header-1-scaled.jpg&#8220; background_enable_image=&#8220;on&#8220; hover_enabled=&#8220;0&#8243; sticky_transition=&#8220;on&#8220; sticky_enabled=&#8220;0&#8243;] 16. August &#8211; 29. August 2025 [\/et_pb_slide][\/et_pb_fullwidth_slider][\/et_pb_section][et_pb_section fb_built=&#8220;1&#8243; _builder_version=&#8220;4.7.7&#8243; _module_preset=&#8220;default&#8220;][et_pb_row column_structure=&#8220;1_2,1_2&#8243; _builder_version=&#8220;4.7.7&#8243; _module_preset=&#8220;default&#8220;][et_pb_column type=&#8220;1_2&#8243; _builder_version=&#8220;4.7.7&#8243; _module_preset=&#8220;default&#8220;][et_pb_text _builder_version=&#8220;4.7.7&#8243; _module_preset=&#8220;default&#8220;] Das Europ\u00e4ische Forum Alpbach ist [&hellip;]<\/p>\n","protected":false},"author":1,"featured_media":0,"parent":0,"menu_order":0,"comment_status":"closed","ping_status":"closed","template":"","meta":{"_et_pb_use_builder":"on","_et_pb_old_content":"","_et_gb_content_width":"","footnotes":""},"class_list":["post-19","page","type-page","status-publish","hentry"],"yoast_head":"<!-- This site is optimized with the Yoast SEO plugin v22.9 - https:\/\/yoast.com\/wordpress\/plugins\/seo\/ -->\n<title>Forum - Club Alpbach Salzburg<\/title>\n<meta name=\"robots\" content=\"index, follow, max-snippet:-1, max-image-preview:large, max-video-preview:-1\" \/>\n<link rel=\"canonical\" href=\"https:\/\/club-alpbach-salzburg.org\/?page_id=19\" \/>\n<meta property=\"og:locale\" content=\"de_DE\" \/>\n<meta property=\"og:type\" content=\"article\" \/>\n<meta property=\"og:title\" content=\"Forum - Club Alpbach Salzburg\" \/>\n<meta property=\"og:description\" content=\"[et_pb_section fb_built=&#8220;1&#8243; fullwidth=&#8220;on&#8220; _builder_version=&#8220;4.7.7&#8243; _module_preset=&#8220;default&#8220; height=&#8220;520px&#8220; hover_enabled=&#8220;0&#8243; sticky_enabled=&#8220;0&#8243;][et_pb_fullwidth_slider _builder_version=&#8220;4.7.7&#8243; _module_preset=&#8220;default&#8220; header_font=&#8220;|600|||||||&#8220; background_image=&#8220;http:\/\/www.ema-design.at\/CAS2021\/wp-content\/uploads\/2021\/02\/Salzburg-Alpbach1.jpg&#8220; height=&#8220;520px&#8220; custom_padding=&#8220;||||false|false&#8220; hover_enabled=&#8220;0&#8243; sticky_enabled=&#8220;0&#8243;][et_pb_slide heading=&#8220;Das Europ\u00e4ische Forum Alpbach&#8220; _builder_version=&#8220;4.7.7&#8243; _module_preset=&#8220;default&#8220; use_background_color_gradient=&#8220;on&#8220; background_color_gradient_start=&#8220;rgba(0,0,0,0)&#8220; background_color_gradient_end=&#8220;rgba(57,58,62,0)&#8220; background_color_gradient_start_position=&#8220;37%&#8220; background_color_gradient_overlays_image=&#8220;on&#8220; background_image=&#8220;https:\/\/club-alpbach-salzburg.org\/wp-content\/uploads\/2025\/01\/Zotteralm-view-header-1-scaled.jpg&#8220; background_enable_image=&#8220;on&#8220; hover_enabled=&#8220;0&#8243; sticky_transition=&#8220;on&#8220; sticky_enabled=&#8220;0&#8243;] 16. August &#8211; 29. August 2025 [\/et_pb_slide][\/et_pb_fullwidth_slider][\/et_pb_section][et_pb_section fb_built=&#8220;1&#8243; _builder_version=&#8220;4.7.7&#8243; _module_preset=&#8220;default&#8220;][et_pb_row column_structure=&#8220;1_2,1_2&#8243; _builder_version=&#8220;4.7.7&#8243; _module_preset=&#8220;default&#8220;][et_pb_column type=&#8220;1_2&#8243; _builder_version=&#8220;4.7.7&#8243; _module_preset=&#8220;default&#8220;][et_pb_text _builder_version=&#8220;4.7.7&#8243; _module_preset=&#8220;default&#8220;] Das Europ\u00e4ische Forum Alpbach ist [&hellip;]\" \/>\n<meta property=\"og:url\" content=\"https:\/\/club-alpbach-salzburg.org\/?page_id=19\" \/>\n<meta property=\"og:site_name\" content=\"Club Alpbach Salzburg\" \/>\n<meta property=\"article:modified_time\" content=\"2025-06-21T16:49:50+00:00\" \/>\n<meta name=\"twitter:card\" content=\"summary_large_image\" \/>\n<meta name=\"twitter:label1\" content=\"Gesch\u00e4tzte Lesezeit\" \/>\n\t<meta name=\"twitter:data1\" content=\"3\u00a0Minuten\" \/>\n<script type=\"application\/ld+json\" class=\"yoast-schema-graph\">{\"@context\":\"https:\/\/schema.org\",\"@graph\":[{\"@type\":\"WebPage\",\"@id\":\"https:\/\/club-alpbach-salzburg.org\/?page_id=19\",\"url\":\"https:\/\/club-alpbach-salzburg.org\/?page_id=19\",\"name\":\"Forum - Club Alpbach Salzburg\",\"isPartOf\":{\"@id\":\"https:\/\/club-alpbach-salzburg.org\/#website\"},\"datePublished\":\"2021-02-23T19:52:33+00:00\",\"dateModified\":\"2025-06-21T16:49:50+00:00\",\"breadcrumb\":{\"@id\":\"https:\/\/club-alpbach-salzburg.org\/?page_id=19#breadcrumb\"},\"inLanguage\":\"de\",\"potentialAction\":[{\"@type\":\"ReadAction\",\"target\":[\"https:\/\/club-alpbach-salzburg.org\/?page_id=19\"]}]},{\"@type\":\"BreadcrumbList\",\"@id\":\"https:\/\/club-alpbach-salzburg.org\/?page_id=19#breadcrumb\",\"itemListElement\":[{\"@type\":\"ListItem\",\"position\":1,\"name\":\"Startseite\",\"item\":\"https:\/\/club-alpbach-salzburg.org\/\"},{\"@type\":\"ListItem\",\"position\":2,\"name\":\"Forum\"}]},{\"@type\":\"WebSite\",\"@id\":\"https:\/\/club-alpbach-salzburg.org\/#website\",\"url\":\"https:\/\/club-alpbach-salzburg.org\/\",\"name\":\"Club Alpbach Salzburg\",\"description\":\"\",\"potentialAction\":[{\"@type\":\"SearchAction\",\"target\":{\"@type\":\"EntryPoint\",\"urlTemplate\":\"https:\/\/club-alpbach-salzburg.org\/?s={search_term_string}\"},\"query-input\":\"required name=search_term_string\"}],\"inLanguage\":\"de\"}]}<\/script>\n<!-- \/ Yoast SEO plugin. -->","yoast_head_json":{"title":"Forum - Club Alpbach Salzburg","robots":{"index":"index","follow":"follow","max-snippet":"max-snippet:-1","max-image-preview":"max-image-preview:large","max-video-preview":"max-video-preview:-1"},"canonical":"https:\/\/club-alpbach-salzburg.org\/?page_id=19","og_locale":"de_DE","og_type":"article","og_title":"Forum - Club Alpbach Salzburg","og_description":"[et_pb_section fb_built=&#8220;1&#8243; fullwidth=&#8220;on&#8220; _builder_version=&#8220;4.7.7&#8243; _module_preset=&#8220;default&#8220; height=&#8220;520px&#8220; hover_enabled=&#8220;0&#8243; sticky_enabled=&#8220;0&#8243;][et_pb_fullwidth_slider _builder_version=&#8220;4.7.7&#8243; _module_preset=&#8220;default&#8220; header_font=&#8220;|600|||||||&#8220; background_image=&#8220;http:\/\/www.ema-design.at\/CAS2021\/wp-content\/uploads\/2021\/02\/Salzburg-Alpbach1.jpg&#8220; height=&#8220;520px&#8220; custom_padding=&#8220;||||false|false&#8220; hover_enabled=&#8220;0&#8243; sticky_enabled=&#8220;0&#8243;][et_pb_slide heading=&#8220;Das Europ\u00e4ische Forum Alpbach&#8220; _builder_version=&#8220;4.7.7&#8243; _module_preset=&#8220;default&#8220; use_background_color_gradient=&#8220;on&#8220; background_color_gradient_start=&#8220;rgba(0,0,0,0)&#8220; background_color_gradient_end=&#8220;rgba(57,58,62,0)&#8220; background_color_gradient_start_position=&#8220;37%&#8220; background_color_gradient_overlays_image=&#8220;on&#8220; background_image=&#8220;https:\/\/club-alpbach-salzburg.org\/wp-content\/uploads\/2025\/01\/Zotteralm-view-header-1-scaled.jpg&#8220; background_enable_image=&#8220;on&#8220; hover_enabled=&#8220;0&#8243; sticky_transition=&#8220;on&#8220; sticky_enabled=&#8220;0&#8243;] 16. August &#8211; 29. August 2025 [\/et_pb_slide][\/et_pb_fullwidth_slider][\/et_pb_section][et_pb_section fb_built=&#8220;1&#8243; _builder_version=&#8220;4.7.7&#8243; _module_preset=&#8220;default&#8220;][et_pb_row column_structure=&#8220;1_2,1_2&#8243; _builder_version=&#8220;4.7.7&#8243; _module_preset=&#8220;default&#8220;][et_pb_column type=&#8220;1_2&#8243; _builder_version=&#8220;4.7.7&#8243; _module_preset=&#8220;default&#8220;][et_pb_text _builder_version=&#8220;4.7.7&#8243; _module_preset=&#8220;default&#8220;] Das Europ\u00e4ische Forum Alpbach ist [&hellip;]","og_url":"https:\/\/club-alpbach-salzburg.org\/?page_id=19","og_site_name":"Club Alpbach Salzburg","article_modified_time":"2025-06-21T16:49:50+00:00","twitter_card":"summary_large_image","twitter_misc":{"Gesch\u00e4tzte Lesezeit":"3\u00a0Minuten"},"schema":{"@context":"https:\/\/schema.org","@graph":[{"@type":"WebPage","@id":"https:\/\/club-alpbach-salzburg.org\/?page_id=19","url":"https:\/\/club-alpbach-salzburg.org\/?page_id=19","name":"Forum - Club Alpbach Salzburg","isPartOf":{"@id":"https:\/\/club-alpbach-salzburg.org\/#website"},"datePublished":"2021-02-23T19:52:33+00:00","dateModified":"2025-06-21T16:49:50+00:00","breadcrumb":{"@id":"https:\/\/club-alpbach-salzburg.org\/?page_id=19#breadcrumb"},"inLanguage":"de","potentialAction":[{"@type":"ReadAction","target":["https:\/\/club-alpbach-salzburg.org\/?page_id=19"]}]},{"@type":"BreadcrumbList","@id":"https:\/\/club-alpbach-salzburg.org\/?page_id=19#breadcrumb","itemListElement":[{"@type":"ListItem","position":1,"name":"Startseite","item":"https:\/\/club-alpbach-salzburg.org\/"},{"@type":"ListItem","position":2,"name":"Forum"}]},{"@type":"WebSite","@id":"https:\/\/club-alpbach-salzburg.org\/#website","url":"https:\/\/club-alpbach-salzburg.org\/","name":"Club Alpbach Salzburg","description":"","potentialAction":[{"@type":"SearchAction","target":{"@type":"EntryPoint","urlTemplate":"https:\/\/club-alpbach-salzburg.org\/?s={search_term_string}"},"query-input":"required name=search_term_string"}],"inLanguage":"de"}]}},"_links":{"self":[{"href":"https:\/\/club-alpbach-salzburg.org\/index.php?rest_route=\/wp\/v2\/pages\/19","targetHints":{"allow":["GET"]}}],"collection":[{"href":"https:\/\/club-alpbach-salzburg.org\/index.php?rest_route=\/wp\/v2\/pages"}],"about":[{"href":"https:\/\/club-alpbach-salzburg.org\/index.php?rest_route=\/wp\/v2\/types\/page"}],"author":[{"embeddable":true,"href":"https:\/\/club-alpbach-salzburg.org\/index.php?rest_route=\/wp\/v2\/users\/1"}],"replies":[{"embeddable":true,"href":"https:\/\/club-alpbach-salzburg.org\/index.php?rest_route=%2Fwp%2Fv2%2Fcomments&post=19"}],"version-history":[{"count":29,"href":"https:\/\/club-alpbach-salzburg.org\/index.php?rest_route=\/wp\/v2\/pages\/19\/revisions"}],"predecessor-version":[{"id":5459,"href":"https:\/\/club-alpbach-salzburg.org\/index.php?rest_route=\/wp\/v2\/pages\/19\/revisions\/5459"}],"wp:attachment":[{"href":"https:\/\/club-alpbach-salzburg.org\/index.php?rest_route=%2Fwp%2Fv2%2Fmedia&parent=19"}],"curies":[{"name":"wp","href":"https:\/\/api.w.org\/{rel}","templated":true}]}}