{"id":23,"date":"2021-02-23T20:54:03","date_gmt":"2021-02-23T19:54:03","guid":{"rendered":"http:\/\/www.ema-design.at\/CAS2021\/?page_id=23"},"modified":"2025-12-30T17:57:34","modified_gmt":"2025-12-30T16:57:34","slug":"team","status":"publish","type":"page","link":"https:\/\/club-alpbach-salzburg.org\/?page_id=23","title":{"rendered":"Team"},"content":{"rendered":"<p>[et_pb_section fb_built=&#8220;1&#8243; fullwidth=&#8220;on&#8220; _builder_version=&#8220;4.7.7&#8243; _module_preset=&#8220;default&#8220; height=&#8220;520px&#8220;][et_pb_fullwidth_slider _builder_version=&#8220;4.7.7&#8243; _module_preset=&#8220;default&#8220; use_background_color_gradient=&#8220;on&#8220; background_color_gradient_start=&#8220;rgba(0,0,0,0)&#8220; background_color_gradient_end=&#8220;rgba(0,0,0,0)&#8220; background_color_gradient_start_position=&#8220;36%&#8220; background_color_gradient_overlays_image=&#8220;on&#8220; background_image=&#8220;http:\/\/www.ema-design.at\/CAS2021\/wp-content\/uploads\/2021\/04\/CAS_Header_Dunkel_light_UeberUns.jpg&#8220; height=&#8220;520px&#8220;][et_pb_slide heading=&#8220;Team&#8220; _builder_version=&#8220;4.7.7&#8243; _module_preset=&#8220;default&#8220; header_font=&#8220;|600|||||||&#8220; background_image=&#8220;https:\/\/club-alpbach-salzburg.org\/wp-content\/uploads\/2021\/04\/CAS_Header_Dunkel_light_UeberUns.jpg&#8220; background_enable_image=&#8220;on&#8220; sticky_transition=&#8220;on&#8220;][\/et_pb_slide][\/et_pb_fullwidth_slider][\/et_pb_section][et_pb_section fb_built=&#8220;1&#8243; _builder_version=&#8220;4.7.7&#8243; _module_preset=&#8220;default&#8220; custom_padding=&#8220;|||0px||&#8220;][et_pb_row _builder_version=&#8220;4.7.7&#8243; _module_preset=&#8220;default&#8220;][et_pb_column type=&#8220;4_4&#8243; _builder_version=&#8220;4.7.7&#8243; _module_preset=&#8220;default&#8220;][et_pb_text _builder_version=&#8220;4.7.7&#8243; _module_preset=&#8220;default&#8220;]<\/p>\n<h1>Club Alpbach Salzburg<\/h1>\n<p>Der Club Alpbach Salzburg bringt interessierte junge Menschen zum Europ\u00e4ischen Forum Alpbach und die Alpbach\u2019sche Diskussionskultur nach Salzburg. Unser Ziel ist es, junge Menschen mit verschiedensten Hintergr\u00fcnden nach Alpbach zu bringen und den Austausch innerhalb Salzburgs durch neue Inhalte und die interdisziplin\u00e4re Vernetzung interessanter K\u00f6pfe zu bereichern. Wir wollen die Idee und Geisteshaltung des Europ\u00e4ischen Forum\u00a0Alpbachs f\u00f6rdern und m\u00f6glichst vielen Personen zug\u00e4nglich machen. Wir wollen Raum f\u00fcr echten Dialog schaffen, um produktiv und frei \u00fcber die Probleme unserer Zeit zu sprechen.[\/et_pb_text][\/et_pb_column][\/et_pb_row][et_pb_row column_structure=&#8220;1_2,1_2&#8243; _builder_version=&#8220;4.7.7&#8243; _module_preset=&#8220;default&#8220; min_height=&#8220;125px&#8220; custom_margin=&#8220;73px|auto||auto||&#8220; custom_padding=&#8220;0px|||||&#8220;][et_pb_column type=&#8220;1_2&#8243; _builder_version=&#8220;4.7.7&#8243; _module_preset=&#8220;default&#8220;][et_pb_number_counter title=&#8220;wurde der Club Alpbach Salzburg gegr\u00fcndet.&#8220; number=&#8220;2011&#8243; percent_sign=&#8220;off&#8220; _builder_version=&#8220;4.7.7&#8243; _module_preset=&#8220;default&#8220;][\/et_pb_number_counter][\/et_pb_column][et_pb_column type=&#8220;1_2&#8243; _builder_version=&#8220;4.7.7&#8243; _module_preset=&#8220;default&#8220;][et_pb_number_counter title=&#8220;Stipendien konnten bisher finanziert werden.&#8220; number=&#8220;191&#8243; percent_sign=&#8220;off&#8220; _builder_version=&#8220;4.7.7&#8243; _module_preset=&#8220;default&#8220;][\/et_pb_number_counter][\/et_pb_column][\/et_pb_row][et_pb_row column_structure=&#8220;1_2,1_2&#8243; _builder_version=&#8220;4.7.7&#8243; _module_preset=&#8220;default&#8220; custom_margin=&#8220;88px|auto||auto||&#8220; custom_padding=&#8220;0px|||||&#8220;][et_pb_column type=&#8220;1_2&#8243; _builder_version=&#8220;4.7.7&#8243; _module_preset=&#8220;default&#8220;][et_pb_text _builder_version=&#8220;4.7.7&#8243; _module_preset=&#8220;default&#8220;]<\/p>\n<h1>Werte<\/h1>\n<p><span style=\"font-size: 14px;\">Uns ist wichtig, dass alle Meinungen Geh\u00f6r finden und mit Respekt und Offenheit diskutiert wird. Wir suchen stets neue Gedanken, andere Ansichten, fremde Gewohnheiten. Wir versuchen, unsere eigene soziale und intellektuelle Bubble immer wieder aufs Neue platzen zu lassen, und achten bei der Auswahl unserer Stipendiat*innen, Speaker*innen und Inhalte auf genau diese Offenheit und Vielfalt.<\/span><\/p>\n<h2><em>Wir wollen Raum f\u00fcr echten Dialog schaffen. Gewinnbringend, frei, provokant \u00fcber die Probleme unserer Zeit sprechen.<\/em><\/h2>\n<p>Um einen Einblick zu bekommen, was wir im vergangenen Jahr geleistet haben, gibt es <a href=\"https:\/\/club-alpbach-salzburg.org\/?page_id=4488\" target=\"_blank\" rel=\"noopener noreferrer\">hier<\/a> unseren<strong> Jahresbericht 2023\/2024 <\/strong>zum Schm\u00f6kern.<\/p>\n<p>Wenn du einen Eindruck der letzten paar Jahre bekommen willst, kannst du <a href=\"https:\/\/issuu.com\/clubalpbachsalzburg\">hier<\/a> in den Jahresberichten der letzten paar Jahre st\u00f6bern.[\/et_pb_text][\/et_pb_column][et_pb_column type=&#8220;1_2&#8243; _builder_version=&#8220;4.7.7&#8243; _module_preset=&#8220;default&#8220;][et_pb_image src=&#8220;https:\/\/club-alpbach-salzburg.org\/wp-content\/uploads\/2022\/01\/CAS_TB_2020_21.png&#8220; title_text=&#8220;CAS_TB_2020_21&#8243; url=&#8220;https:\/\/club-alpbach-salzburg.org\/?page_id=4488&#8243; _builder_version=&#8220;4.7.7&#8243; _module_preset=&#8220;default&#8220;][\/et_pb_image][\/et_pb_column][\/et_pb_row][et_pb_row _builder_version=&#8220;4.7.7&#8243; _module_preset=&#8220;default&#8220;][et_pb_column type=&#8220;4_4&#8243; _builder_version=&#8220;4.7.7&#8243; _module_preset=&#8220;default&#8220;][et_pb_text _builder_version=&#8220;4.7.7&#8243; _module_preset=&#8220;default&#8220; custom_margin=&#8220;4px||||false|false&#8220;]<\/p>\n<h1 style=\"text-align: left;\">Der Vorstand<\/h1>\n<p>[\/et_pb_text][\/et_pb_column][\/et_pb_row][et_pb_row column_structure=&#8220;1_3,1_3,1_3&#8243; _builder_version=&#8220;4.7.7&#8243; _module_preset=&#8220;default&#8220;][et_pb_column type=&#8220;1_3&#8243; _builder_version=&#8220;4.7.7&#8243; _module_preset=&#8220;default&#8220;][et_pb_team_member name=&#8220;Katharina Grain&#8220; position=&#8220;Pr\u00e4sidentin&#8220; image_url=&#8220;https:\/\/club-alpbach-salzburg.org\/wp-content\/uploads\/2025\/12\/Kathi.png&#8220; _builder_version=&#8220;4.7.7&#8243; _module_preset=&#8220;default&#8220; text_orientation=&#8220;center&#8220; max_width=&#8220;250px&#8220; module_alignment=&#8220;center&#8220; animation_style=&#8220;zoom&#8220;]<a href=\"mailto:t.hahn@club-alpbach-salzburg.org\">k.grain@club-alpbach-salzburg.org<\/a>[\/et_pb_team_member][\/et_pb_column][et_pb_column type=&#8220;1_3&#8243; _builder_version=&#8220;4.7.7&#8243; _module_preset=&#8220;default&#8220;][et_pb_team_member name=&#8220;Lorenz Ehrenfeldner&#8220; position=&#8220;Generalsekret\u00e4r &#038; Finanzreferent &#8220; image_url=&#8220;https:\/\/club-alpbach-salzburg.org\/wp-content\/uploads\/2025\/12\/Lorenz-1&#215;1-1.png&#8220; _builder_version=&#8220;4.7.7&#8243; _module_preset=&#8220;default&#8220; text_orientation=&#8220;center&#8220; max_width=&#8220;250px&#8220; module_alignment=&#8220;center&#8220; custom_padding=&#8220;|||7px||&#8220; animation_style=&#8220;zoom&#8220;]<a href=\"mailto:l.ehrenfeldner@club-alpbach-salzburg.org\">l.ehrenfeldner@club-alpbach-salzburg.org<\/a>[\/et_pb_team_member][\/et_pb_column][et_pb_column type=&#8220;1_3&#8243; _builder_version=&#8220;4.7.7&#8243; _module_preset=&#8220;default&#8220;][et_pb_team_member name=&#8220;Moritz Kubesch&#8220; position=&#8220;Generalsekret\u00e4r, Stipendien&#8220; image_url=&#8220;https:\/\/club-alpbach-salzburg.org\/wp-content\/uploads\/2025\/12\/Moritz-2.png&#8220; _builder_version=&#8220;4.7.7&#8243; _module_preset=&#8220;default&#8220; text_orientation=&#8220;center&#8220; max_width=&#8220;250px&#8220; module_alignment=&#8220;center&#8220; animation_style=&#8220;zoom&#8220;]<a href=\"mailto:m.schoedl@club-alpbach-salzburg.org\">m.kubesch@club-alpbach-salzburg.org<\/a>[\/et_pb_team_member][\/et_pb_column][\/et_pb_row][et_pb_row column_structure=&#8220;1_4,1_4,1_4,1_4&#8243; _builder_version=&#8220;4.7.7&#8243; _module_preset=&#8220;default&#8220;][et_pb_column type=&#8220;1_4&#8243; _builder_version=&#8220;4.7.7&#8243; _module_preset=&#8220;default&#8220;][et_pb_team_member name=&#8220;Albert Pranger&#8220; position=&#8220;Kommunikation&#8220; image_url=&#8220;https:\/\/club-alpbach-salzburg.org\/wp-content\/uploads\/2025\/12\/Ali-3.png&#8220; _builder_version=&#8220;4.7.7&#8243; _module_preset=&#8220;default&#8220; text_orientation=&#8220;center&#8220; max_width=&#8220;250px&#8220; module_alignment=&#8220;center&#8220; custom_padding=&#8220;|||7px||&#8220; animation_style=&#8220;zoom&#8220;]<a href=\"mailto:a.pranger@club-alpbach-salzburg.org\">a.pranger@club-alpbach-salzburg.org<\/a>[\/et_pb_team_member][\/et_pb_column][et_pb_column type=&#8220;1_4&#8243; _builder_version=&#8220;4.7.7&#8243; _module_preset=&#8220;default&#8220;][et_pb_team_member name=&#8220;Susanne Roberts&#8220; position=&#8220;Visuelle Kommunikation&#8220; image_url=&#8220;https:\/\/club-alpbach-salzburg.org\/wp-content\/uploads\/2024\/11\/Susanne-2-1.png&#8220; image_url_tablet=&#8220;&#8220; image_url_phone=&#8220;&#8220; image_url_last_edited=&#8220;on|desktop&#8220; _builder_version=&#8220;4.7.7&#8243; _module_preset=&#8220;default&#8220; text_orientation=&#8220;center&#8220; max_width=&#8220;250px&#8220; module_alignment=&#8220;center&#8220; animation_style=&#8220;zoom&#8220; image_url__hover_enabled=&#8220;on|desktop&#8220;]<a href=\"mailto:s.roberts@club-alpbach-salzburg.org\">s.roberts@club-alpbach-salzburg.org<\/a>[\/et_pb_team_member][\/et_pb_column][et_pb_column type=&#8220;1_4&#8243; _builder_version=&#8220;4.7.7&#8243; _module_preset=&#8220;default&#8220;][et_pb_team_member name=&#8220;Livia Morscher&#8220; position=&#8220;Events&#8220; image_url=&#8220;https:\/\/club-alpbach-salzburg.org\/wp-content\/uploads\/2025\/12\/Livia.png&#8220; _builder_version=&#8220;4.7.7&#8243; _module_preset=&#8220;default&#8220; text_orientation=&#8220;center&#8220; max_width=&#8220;250px&#8220; module_alignment=&#8220;center&#8220; animation_style=&#8220;zoom&#8220;]<a href=\"mailto:events@club-alpbach-salzburg.org\">events@club-alpbach-salzburg.org<\/a>[\/et_pb_team_member][\/et_pb_column][et_pb_column type=&#8220;1_4&#8243; _builder_version=&#8220;4.7.7&#8243; _module_preset=&#8220;default&#8220;][et_pb_team_member name=&#8220;Martina Eder-Matieschek&#8220; position=&#8220;Events&#8220; image_url=&#8220;https:\/\/club-alpbach-salzburg.org\/wp-content\/uploads\/2024\/11\/Martina-2.png&#8220; _builder_version=&#8220;4.7.7&#8243; _module_preset=&#8220;default&#8220; text_orientation=&#8220;center&#8220; max_width=&#8220;250px&#8220; module_alignment=&#8220;center&#8220; custom_padding=&#8220;|||7px||&#8220; animation_style=&#8220;zoom&#8220;]<a href=\"mailto:events@club-alpbach-salzburg.org\">events@club-alpbach-salzburg.org<\/a>[\/et_pb_team_member][\/et_pb_column][\/et_pb_row][et_pb_row _builder_version=&#8220;4.7.7&#8243; _module_preset=&#8220;default&#8220;][et_pb_column type=&#8220;4_4&#8243; _builder_version=&#8220;4.7.7&#8243; _module_preset=&#8220;default&#8220;][et_pb_text _builder_version=&#8220;4.7.7&#8243; _module_preset=&#8220;default&#8220;]<\/p>\n<h2><\/h2>\n<h2>Extended Board<\/h2>\n<p>Unser Club kann in der Form und Qualit\u00e4t nur deshalb bestehen, weil zus\u00e4tzlich zu unserem gew\u00e4hlten Vorstand aktive Mitglieder in den unterschiedlichen Aufgabenbereichen tatkr\u00e4ftig zusammenhelfen und gemeinschaftlich an themenbezogenen Aufgabenstellungen arbeiten. Folgende Mitglieder machen unser Extended Board komplett und sind ma\u00dfgeblich mitverantwortlich, dass wir auf dem aktuellen Niveau handlungsf\u00e4hig sind:[\/et_pb_text][\/et_pb_column][\/et_pb_row][et_pb_row column_structure=&#8220;1_2,1_2&#8243; _builder_version=&#8220;4.7.7&#8243; _module_preset=&#8220;default&#8220;][et_pb_column type=&#8220;1_2&#8243; _builder_version=&#8220;4.7.7&#8243; _module_preset=&#8220;default&#8220;][et_pb_text _builder_version=&#8220;4.7.7&#8243; _module_preset=&#8220;default&#8220;]<\/p>\n<ul>\n<li>Barbara Fixl<\/li>\n<li>Julia Brunhuber<\/li>\n<li>Julian Seidenbusch<\/li>\n<li>Maria Sch\u00f6dl<\/li>\n<li>Samantha Deddeh<\/li>\n<li>Stephanie Hauser<\/li>\n<li>Benjamin Laabmayer<\/li>\n<li>Sophie Sch\u00e4tzer<\/li>\n<li>Soso Makaradze<\/li>\n<li>Valeriia Chernysh<\/li>\n<\/ul>\n<p>[\/et_pb_text][\/et_pb_column][et_pb_column type=&#8220;1_2&#8243; _builder_version=&#8220;4.7.7&#8243; _module_preset=&#8220;default&#8220;][et_pb_text _builder_version=&#8220;4.7.7&#8243; _module_preset=&#8220;default&#8220;][\/et_pb_text][\/et_pb_column][\/et_pb_row][et_pb_row column_structure=&#8220;2_3,1_3&#8243; _builder_version=&#8220;4.7.7&#8243; _module_preset=&#8220;default&#8220;][et_pb_column type=&#8220;2_3&#8243; _builder_version=&#8220;4.7.7&#8243; _module_preset=&#8220;default&#8220;][et_pb_text _builder_version=&#8220;4.7.7&#8243; _module_preset=&#8220;default&#8220; custom_margin=&#8220;50px||||false|false&#8220;]<\/p>\n<h2 style=\"text-align: left;\">Advisory Board<\/h2>\n<h2 style=\"text-align: left;\"><\/h2>\n<p style=\"text-align: left;\"><span style=\"font-size: 14px;\">Der Vorstand wird von seinen erfahrenen Vorg\u00e4nger*innen unterst\u00fctzt (in alphabetischer Reihenfolge):<\/span><\/p>\n<p><strong>Maria Anwar<br \/>\nJulia Brugger<\/strong><strong><br \/>\n<\/strong><strong>Asdin El Habassi<br \/>\nMarkus Fuchsberger<br \/>\n<\/strong><strong>Martina Gei\u00dfler<br \/>\nAndreas Golser<br \/>\nTeresa Haider<\/strong><br \/>\n<strong>Agnes Hamberger<\/strong><br \/>\n<strong>Aurelia Kammerhofer<\/strong><br \/>\n<strong>Carina Kobler<\/strong><br \/>\n<strong> Thomas Lindner<\/strong><br \/>\n<strong>Andreas Maierhofer<\/strong><br \/>\n<strong> Veronika M\u00f6ller<\/strong><br \/>\n<strong>Franziska M\u00fchlbacher<\/strong><br \/>\n<strong>Manuel M\u00fchlburger<\/strong><br \/>\n<strong> Martin Murer<\/strong><br \/>\n<strong>Nadine Sampl<br \/>\nEva-Maria Schitter<\/strong><br \/>\n<strong> Martin Tiefengrabner<br \/>\n<\/strong><strong>Jakob Frenkenberger<\/strong><\/p>\n<p>Vielen herzlichen Dank euch f\u00fcr die tatkr\u00e4ftige Unterst\u00fctzung!<\/p>\n<div class=\"t4p-sep-clear\"><\/div>\n<p>[\/et_pb_text][\/et_pb_column][et_pb_column type=&#8220;1_3&#8243; _builder_version=&#8220;4.7.7&#8243; _module_preset=&#8220;default&#8220;][et_pb_text _builder_version=&#8220;4.7.7&#8243; _module_preset=&#8220;default&#8220; custom_margin=&#8220;50px||||false|false&#8220;]<\/p>\n<h2>Rechnungspr\u00fcfer<\/h2>\n<h2><span style=\"font-size: 14px; color: #666666;\">Wir m\u00f6chten uns an dieser Stelle explizit f\u00fcr die T\u00e4tigkeit unserer Rechnungspr\u00fcfer*innen<\/span><span style=\"font-size: 14px; color: #666666;\">\u00a0<\/span><strong style=\"font-size: 14px; color: #666666;\">Teresa Haider<\/strong><span style=\"font-size: 14px; color: #666666;\">\u00a0<\/span><span style=\"font-size: 14px; color: #666666;\">und<\/span><span style=\"font-size: 14px; color: #666666;\">\u00a0<\/span><strong style=\"font-size: 14px; color: #666666;\">Thomas Lindner<\/strong><span style=\"font-size: 14px; color: #666666;\">\u00a0<\/span><span style=\"font-size: 14px; color: #666666;\">bedanken, die mit ihrer Arbeit hier einen wichtigen Beitrag f\u00fcr den Club Alpbach Salzburg leisten.<\/span><\/h2>\n<p>[\/et_pb_text][\/et_pb_column][\/et_pb_row][\/et_pb_section][et_pb_section fb_built=&#8220;1&#8243; _builder_version=&#8220;4.7.7&#8243; _module_preset=&#8220;default&#8220;][et_pb_row column_structure=&#8220;1_2,1_2&#8243; _builder_version=&#8220;4.7.7&#8243; _module_preset=&#8220;default&#8220; custom_margin=&#8220;|10px|||false|false&#8220;][et_pb_column type=&#8220;1_2&#8243; _builder_version=&#8220;4.7.7&#8243; _module_preset=&#8220;default&#8220;][\/et_pb_column][et_pb_column type=&#8220;1_2&#8243; _builder_version=&#8220;4.7.7&#8243; _module_preset=&#8220;default&#8220;][et_pb_text _builder_version=&#8220;4.7.7&#8243; _module_preset=&#8220;default&#8220; custom_margin=&#8220;10px|10px|10px||false|false&#8220;]<\/p>\n<p style=\"text-align: right;\">Photo Header: Club Alpbach Salzburg, Salzburg<\/p>\n<p>[\/et_pb_text][\/et_pb_column][\/et_pb_row][\/et_pb_section]<\/p>\n","protected":false},"excerpt":{"rendered":"<p>[et_pb_section fb_built=&#8220;1&#8243; fullwidth=&#8220;on&#8220; _builder_version=&#8220;4.7.7&#8243; _module_preset=&#8220;default&#8220; height=&#8220;520px&#8220;][et_pb_fullwidth_slider _builder_version=&#8220;4.7.7&#8243; _module_preset=&#8220;default&#8220; use_background_color_gradient=&#8220;on&#8220; background_color_gradient_start=&#8220;rgba(0,0,0,0)&#8220; background_color_gradient_end=&#8220;rgba(0,0,0,0)&#8220; background_color_gradient_start_position=&#8220;36%&#8220; background_color_gradient_overlays_image=&#8220;on&#8220; background_image=&#8220;http:\/\/www.ema-design.at\/CAS2021\/wp-content\/uploads\/2021\/04\/CAS_Header_Dunkel_light_UeberUns.jpg&#8220; height=&#8220;520px&#8220;][et_pb_slide heading=&#8220;Team&#8220; _builder_version=&#8220;4.7.7&#8243; _module_preset=&#8220;default&#8220; header_font=&#8220;|600|||||||&#8220; background_image=&#8220;https:\/\/club-alpbach-salzburg.org\/wp-content\/uploads\/2021\/04\/CAS_Header_Dunkel_light_UeberUns.jpg&#8220; background_enable_image=&#8220;on&#8220; sticky_transition=&#8220;on&#8220;][\/et_pb_slide][\/et_pb_fullwidth_slider][\/et_pb_section][et_pb_section fb_built=&#8220;1&#8243; _builder_version=&#8220;4.7.7&#8243; _module_preset=&#8220;default&#8220; custom_padding=&#8220;|||0px||&#8220;][et_pb_row _builder_version=&#8220;4.7.7&#8243; _module_preset=&#8220;default&#8220;][et_pb_column type=&#8220;4_4&#8243; _builder_version=&#8220;4.7.7&#8243; _module_preset=&#8220;default&#8220;][et_pb_text _builder_version=&#8220;4.7.7&#8243; _module_preset=&#8220;default&#8220;] Club Alpbach Salzburg Der Club Alpbach Salzburg bringt interessierte junge Menschen zum Europ\u00e4ischen Forum Alpbach und die Alpbach\u2019sche Diskussionskultur nach Salzburg. Unser [&hellip;]<\/p>\n","protected":false},"author":1,"featured_media":0,"parent":0,"menu_order":0,"comment_status":"closed","ping_status":"closed","template":"","meta":{"_et_pb_use_builder":"on","_et_pb_old_content":"","_et_gb_content_width":"","footnotes":""},"class_list":["post-23","page","type-page","status-publish","hentry"],"yoast_head":"<!-- This site is optimized with the Yoast SEO plugin v22.9 - https:\/\/yoast.com\/wordpress\/plugins\/seo\/ -->\n<title>Team - Club Alpbach Salzburg<\/title>\n<meta name=\"robots\" content=\"index, follow, max-snippet:-1, max-image-preview:large, max-video-preview:-1\" \/>\n<link rel=\"canonical\" href=\"https:\/\/club-alpbach-salzburg.org\/?page_id=23\" \/>\n<meta property=\"og:locale\" content=\"de_DE\" \/>\n<meta property=\"og:type\" content=\"article\" \/>\n<meta property=\"og:title\" content=\"Team - Club Alpbach Salzburg\" \/>\n<meta property=\"og:description\" content=\"[et_pb_section fb_built=&#8220;1&#8243; fullwidth=&#8220;on&#8220; _builder_version=&#8220;4.7.7&#8243; _module_preset=&#8220;default&#8220; height=&#8220;520px&#8220;][et_pb_fullwidth_slider _builder_version=&#8220;4.7.7&#8243; _module_preset=&#8220;default&#8220; use_background_color_gradient=&#8220;on&#8220; background_color_gradient_start=&#8220;rgba(0,0,0,0)&#8220; background_color_gradient_end=&#8220;rgba(0,0,0,0)&#8220; background_color_gradient_start_position=&#8220;36%&#8220; background_color_gradient_overlays_image=&#8220;on&#8220; background_image=&#8220;http:\/\/www.ema-design.at\/CAS2021\/wp-content\/uploads\/2021\/04\/CAS_Header_Dunkel_light_UeberUns.jpg&#8220; height=&#8220;520px&#8220;][et_pb_slide heading=&#8220;Team&#8220; _builder_version=&#8220;4.7.7&#8243; _module_preset=&#8220;default&#8220; header_font=&#8220;|600|||||||&#8220; background_image=&#8220;https:\/\/club-alpbach-salzburg.org\/wp-content\/uploads\/2021\/04\/CAS_Header_Dunkel_light_UeberUns.jpg&#8220; background_enable_image=&#8220;on&#8220; sticky_transition=&#8220;on&#8220;][\/et_pb_slide][\/et_pb_fullwidth_slider][\/et_pb_section][et_pb_section fb_built=&#8220;1&#8243; _builder_version=&#8220;4.7.7&#8243; _module_preset=&#8220;default&#8220; custom_padding=&#8220;|||0px||&#8220;][et_pb_row _builder_version=&#8220;4.7.7&#8243; _module_preset=&#8220;default&#8220;][et_pb_column type=&#8220;4_4&#8243; _builder_version=&#8220;4.7.7&#8243; _module_preset=&#8220;default&#8220;][et_pb_text _builder_version=&#8220;4.7.7&#8243; _module_preset=&#8220;default&#8220;] Club Alpbach Salzburg Der Club Alpbach Salzburg bringt interessierte junge Menschen zum Europ\u00e4ischen Forum Alpbach und die Alpbach\u2019sche Diskussionskultur nach Salzburg. Unser [&hellip;]\" \/>\n<meta property=\"og:url\" content=\"https:\/\/club-alpbach-salzburg.org\/?page_id=23\" \/>\n<meta property=\"og:site_name\" content=\"Club Alpbach Salzburg\" \/>\n<meta property=\"article:modified_time\" content=\"2025-12-30T16:57:34+00:00\" \/>\n<meta name=\"twitter:card\" content=\"summary_large_image\" \/>\n<meta name=\"twitter:label1\" content=\"Gesch\u00e4tzte Lesezeit\" \/>\n\t<meta name=\"twitter:data1\" content=\"4\u00a0Minuten\" \/>\n<script type=\"application\/ld+json\" class=\"yoast-schema-graph\">{\"@context\":\"https:\/\/schema.org\",\"@graph\":[{\"@type\":\"WebPage\",\"@id\":\"https:\/\/club-alpbach-salzburg.org\/?page_id=23\",\"url\":\"https:\/\/club-alpbach-salzburg.org\/?page_id=23\",\"name\":\"Team - Club Alpbach Salzburg\",\"isPartOf\":{\"@id\":\"https:\/\/club-alpbach-salzburg.org\/#website\"},\"datePublished\":\"2021-02-23T19:54:03+00:00\",\"dateModified\":\"2025-12-30T16:57:34+00:00\",\"breadcrumb\":{\"@id\":\"https:\/\/club-alpbach-salzburg.org\/?page_id=23#breadcrumb\"},\"inLanguage\":\"de\",\"potentialAction\":[{\"@type\":\"ReadAction\",\"target\":[\"https:\/\/club-alpbach-salzburg.org\/?page_id=23\"]}]},{\"@type\":\"BreadcrumbList\",\"@id\":\"https:\/\/club-alpbach-salzburg.org\/?page_id=23#breadcrumb\",\"itemListElement\":[{\"@type\":\"ListItem\",\"position\":1,\"name\":\"Startseite\",\"item\":\"https:\/\/club-alpbach-salzburg.org\/\"},{\"@type\":\"ListItem\",\"position\":2,\"name\":\"Team\"}]},{\"@type\":\"WebSite\",\"@id\":\"https:\/\/club-alpbach-salzburg.org\/#website\",\"url\":\"https:\/\/club-alpbach-salzburg.org\/\",\"name\":\"Club Alpbach Salzburg\",\"description\":\"\",\"potentialAction\":[{\"@type\":\"SearchAction\",\"target\":{\"@type\":\"EntryPoint\",\"urlTemplate\":\"https:\/\/club-alpbach-salzburg.org\/?s={search_term_string}\"},\"query-input\":\"required name=search_term_string\"}],\"inLanguage\":\"de\"}]}<\/script>\n<!-- \/ Yoast SEO plugin. -->","yoast_head_json":{"title":"Team - Club Alpbach Salzburg","robots":{"index":"index","follow":"follow","max-snippet":"max-snippet:-1","max-image-preview":"max-image-preview:large","max-video-preview":"max-video-preview:-1"},"canonical":"https:\/\/club-alpbach-salzburg.org\/?page_id=23","og_locale":"de_DE","og_type":"article","og_title":"Team - Club Alpbach Salzburg","og_description":"[et_pb_section fb_built=&#8220;1&#8243; fullwidth=&#8220;on&#8220; _builder_version=&#8220;4.7.7&#8243; _module_preset=&#8220;default&#8220; height=&#8220;520px&#8220;][et_pb_fullwidth_slider _builder_version=&#8220;4.7.7&#8243; _module_preset=&#8220;default&#8220; use_background_color_gradient=&#8220;on&#8220; background_color_gradient_start=&#8220;rgba(0,0,0,0)&#8220; background_color_gradient_end=&#8220;rgba(0,0,0,0)&#8220; background_color_gradient_start_position=&#8220;36%&#8220; background_color_gradient_overlays_image=&#8220;on&#8220; background_image=&#8220;http:\/\/www.ema-design.at\/CAS2021\/wp-content\/uploads\/2021\/04\/CAS_Header_Dunkel_light_UeberUns.jpg&#8220; height=&#8220;520px&#8220;][et_pb_slide heading=&#8220;Team&#8220; _builder_version=&#8220;4.7.7&#8243; _module_preset=&#8220;default&#8220; header_font=&#8220;|600|||||||&#8220; background_image=&#8220;https:\/\/club-alpbach-salzburg.org\/wp-content\/uploads\/2021\/04\/CAS_Header_Dunkel_light_UeberUns.jpg&#8220; background_enable_image=&#8220;on&#8220; sticky_transition=&#8220;on&#8220;][\/et_pb_slide][\/et_pb_fullwidth_slider][\/et_pb_section][et_pb_section fb_built=&#8220;1&#8243; _builder_version=&#8220;4.7.7&#8243; _module_preset=&#8220;default&#8220; custom_padding=&#8220;|||0px||&#8220;][et_pb_row _builder_version=&#8220;4.7.7&#8243; _module_preset=&#8220;default&#8220;][et_pb_column type=&#8220;4_4&#8243; _builder_version=&#8220;4.7.7&#8243; _module_preset=&#8220;default&#8220;][et_pb_text _builder_version=&#8220;4.7.7&#8243; _module_preset=&#8220;default&#8220;] Club Alpbach Salzburg Der Club Alpbach Salzburg bringt interessierte junge Menschen zum Europ\u00e4ischen Forum Alpbach und die Alpbach\u2019sche Diskussionskultur nach Salzburg. Unser [&hellip;]","og_url":"https:\/\/club-alpbach-salzburg.org\/?page_id=23","og_site_name":"Club Alpbach Salzburg","article_modified_time":"2025-12-30T16:57:34+00:00","twitter_card":"summary_large_image","twitter_misc":{"Gesch\u00e4tzte Lesezeit":"4\u00a0Minuten"},"schema":{"@context":"https:\/\/schema.org","@graph":[{"@type":"WebPage","@id":"https:\/\/club-alpbach-salzburg.org\/?page_id=23","url":"https:\/\/club-alpbach-salzburg.org\/?page_id=23","name":"Team - Club Alpbach Salzburg","isPartOf":{"@id":"https:\/\/club-alpbach-salzburg.org\/#website"},"datePublished":"2021-02-23T19:54:03+00:00","dateModified":"2025-12-30T16:57:34+00:00","breadcrumb":{"@id":"https:\/\/club-alpbach-salzburg.org\/?page_id=23#breadcrumb"},"inLanguage":"de","potentialAction":[{"@type":"ReadAction","target":["https:\/\/club-alpbach-salzburg.org\/?page_id=23"]}]},{"@type":"BreadcrumbList","@id":"https:\/\/club-alpbach-salzburg.org\/?page_id=23#breadcrumb","itemListElement":[{"@type":"ListItem","position":1,"name":"Startseite","item":"https:\/\/club-alpbach-salzburg.org\/"},{"@type":"ListItem","position":2,"name":"Team"}]},{"@type":"WebSite","@id":"https:\/\/club-alpbach-salzburg.org\/#website","url":"https:\/\/club-alpbach-salzburg.org\/","name":"Club Alpbach Salzburg","description":"","potentialAction":[{"@type":"SearchAction","target":{"@type":"EntryPoint","urlTemplate":"https:\/\/club-alpbach-salzburg.org\/?s={search_term_string}"},"query-input":"required name=search_term_string"}],"inLanguage":"de"}]}},"_links":{"self":[{"href":"https:\/\/club-alpbach-salzburg.org\/index.php?rest_route=\/wp\/v2\/pages\/23","targetHints":{"allow":["GET"]}}],"collection":[{"href":"https:\/\/club-alpbach-salzburg.org\/index.php?rest_route=\/wp\/v2\/pages"}],"about":[{"href":"https:\/\/club-alpbach-salzburg.org\/index.php?rest_route=\/wp\/v2\/types\/page"}],"author":[{"embeddable":true,"href":"https:\/\/club-alpbach-salzburg.org\/index.php?rest_route=\/wp\/v2\/users\/1"}],"replies":[{"embeddable":true,"href":"https:\/\/club-alpbach-salzburg.org\/index.php?rest_route=%2Fwp%2Fv2%2Fcomments&post=23"}],"version-history":[{"count":85,"href":"https:\/\/club-alpbach-salzburg.org\/index.php?rest_route=\/wp\/v2\/pages\/23\/revisions"}],"predecessor-version":[{"id":5499,"href":"https:\/\/club-alpbach-salzburg.org\/index.php?rest_route=\/wp\/v2\/pages\/23\/revisions\/5499"}],"wp:attachment":[{"href":"https:\/\/club-alpbach-salzburg.org\/index.php?rest_route=%2Fwp%2Fv2%2Fmedia&parent=23"}],"curies":[{"name":"wp","href":"https:\/\/api.w.org\/{rel}","templated":true}]}}