{"id":25,"date":"2021-02-23T20:54:08","date_gmt":"2021-02-23T19:54:08","guid":{"rendered":"http:\/\/www.ema-design.at\/CAS2021\/?page_id=25"},"modified":"2025-06-21T19:01:30","modified_gmt":"2025-06-21T17:01:30","slug":"partner","status":"publish","type":"page","link":"https:\/\/club-alpbach-salzburg.org\/?page_id=25","title":{"rendered":"Partner"},"content":{"rendered":"<p>[et_pb_section fb_built=&#8220;1&#8243; fullwidth=&#8220;on&#8220; _builder_version=&#8220;4.7.7&#8243; _module_preset=&#8220;default&#8220; height=&#8220;520px&#8220;][et_pb_fullwidth_slider _builder_version=&#8220;4.7.7&#8243; _module_preset=&#8220;default&#8220; header_font=&#8220;|600|||||||&#8220; background_image=&#8220;http:\/\/www.ema-design.at\/CAS2021\/wp-content\/uploads\/2021\/07\/Kopie-von-2017_08_27_Alpbach-36.jpg&#8220; height=&#8220;520px&#8220;][et_pb_slide heading=&#8220;Partnerorganisationen&#8220; _builder_version=&#8220;4.7.7&#8243; _module_preset=&#8220;default&#8220; background_image=&#8220;https:\/\/club-alpbach-salzburg.org\/wp-content\/uploads\/2021\/07\/Kopie-von-2017_08_27_Alpbach-36.jpg&#8220; background_enable_image=&#8220;on&#8220; sticky_transition=&#8220;on&#8220;][\/et_pb_slide][\/et_pb_fullwidth_slider][\/et_pb_section][et_pb_section fb_built=&#8220;1&#8243; _builder_version=&#8220;4.7.7&#8243; _module_preset=&#8220;default&#8220;][et_pb_row _builder_version=&#8220;4.7.7&#8243; _module_preset=&#8220;default&#8220;][et_pb_column type=&#8220;4_4&#8243; _builder_version=&#8220;4.7.7&#8243; _module_preset=&#8220;default&#8220;][et_pb_text _builder_version=&#8220;4.7.7&#8243; _module_preset=&#8220;default&#8220; custom_padding=&#8220;0px|||||&#8220;]<\/p>\n<p>Ohne die gro\u00dfz\u00fcgige Unterst\u00fctzung unserer\u00a0zahlreichen\u00a0Partner w\u00e4re\u00a0der Club Alpbach Salzburg\u00a0nicht in der Lage, j\u00e4hrlich begeisterten jungen Menschen die Teilnahme am Europ\u00e4ischen Forum Alpbach zu erm\u00f6glichen.\u00a0Wir bedanken uns sehr herzlich bei unseren Partnern f\u00fcr ihre so wichtige \u2013 seit Jahren andauernde \u2013 Unterst\u00fctzung!<\/p>\n<p>&nbsp;<\/p>\n<p>[\/et_pb_text][et_pb_text _builder_version=&#8220;4.7.7&#8243; _module_preset=&#8220;default&#8220; custom_padding=&#8220;0px|||||&#8220;]<\/p>\n<h2>Sponsor*innen<\/h2>\n<p>[\/et_pb_text][\/et_pb_column][\/et_pb_row][et_pb_row column_structure=&#8220;1_4,1_4,1_4,1_4&#8243; _builder_version=&#8220;4.7.7&#8243; _module_preset=&#8220;default&#8220; min_height=&#8220;514px&#8220; custom_padding=&#8220;||25px|||&#8220;][et_pb_column type=&#8220;1_4&#8243; _builder_version=&#8220;4.7.7&#8243; _module_preset=&#8220;default&#8220;][et_pb_image src=&#8220;https:\/\/club-alpbach-salzburg.org\/wp-content\/uploads\/2021\/05\/Stadtlogo_4c.jpg&#8220; title_text=&#8220;Wappen Stadt 06 (Page 1)&#8220; _builder_version=&#8220;4.7.7&#8243; _module_preset=&#8220;default&#8220; width=&#8220;100%&#8220; custom_margin=&#8220;40px||40px||false|false&#8220;][\/et_pb_image][et_pb_image src=&#8220;https:\/\/club-alpbach-salzburg.org\/wp-content\/uploads\/2025\/02\/Thaddaeus-Ropac-Logo-Neu-1.png&#8220; title_text=&#8220;Thaddaeus Ropac Logo Neu&#8220; _builder_version=&#8220;4.7.7&#8243; _module_preset=&#8220;default&#8220;][\/et_pb_image][et_pb_image src=&#8220;https:\/\/club-alpbach-salzburg.org\/wp-content\/uploads\/2025\/06\/Palfinger.jpg&#8220; title_text=&#8220;Palfinger&#8220; _builder_version=&#8220;4.7.7&#8243; _module_preset=&#8220;default&#8220; hover_enabled=&#8220;0&#8243; locked=&#8220;off&#8220; sticky_enabled=&#8220;0&#8243;][\/et_pb_image][\/et_pb_column][et_pb_column type=&#8220;1_4&#8243; _builder_version=&#8220;4.7.7&#8243; _module_preset=&#8220;default&#8220;][et_pb_image src=&#8220;https:\/\/club-alpbach-salzburg.org\/wp-content\/uploads\/2021\/04\/FH_Salzburg_Logo_DE_klein.png&#8220; title_text=&#8220;FH_Salzburg_Logo_DE_klein&#8220; url_new_window=&#8220;on&#8220; align=&#8220;center&#8220; _builder_version=&#8220;4.7.7&#8243; _module_preset=&#8220;default&#8220; width=&#8220;100%&#8220; min_height=&#8220;188px&#8220; custom_margin=&#8220;40px||40px||true|false&#8220;][\/et_pb_image][et_pb_image src=&#8220;https:\/\/club-alpbach-salzburg.org\/wp-content\/uploads\/2021\/07\/SalzburgAG_Logo_ohneClaim_RGB_150pdi_RZ.png&#8220; title_text=&#8220;SalzburgAG_Logo_ohneClaim_RGB_150pdi_RZ&#8220; _builder_version=&#8220;4.7.7&#8243; _module_preset=&#8220;default&#8220; width=&#8220;100%&#8220;][\/et_pb_image][\/et_pb_column][et_pb_column type=&#8220;1_4&#8243; _builder_version=&#8220;4.7.7&#8243; _module_preset=&#8220;default&#8220;][et_pb_image src=&#8220;https:\/\/club-alpbach-salzburg.org\/wp-content\/uploads\/2021\/04\/AK-Salzburg-Wuerfel-Logo_Vektorgrafik.jpg&#8220; title_text=&#8220;AK-Salzburg-Wuerfel-Logo_Vektorgrafik&#8220; url_new_window=&#8220;on&#8220; align=&#8220;center&#8220; _builder_version=&#8220;4.7.7&#8243; _module_preset=&#8220;default&#8220; width=&#8220;100%&#8220; custom_margin=&#8220;40px||40px||true|false&#8220;][\/et_pb_image][et_pb_image src=&#8220;https:\/\/club-alpbach-salzburg.org\/wp-content\/uploads\/2025\/06\/PMU_Logo_horizontal_rgb_pos_blue.jpg&#8220; title_text=&#8220;PMU_Logo_horizontal_rgb_pos_blue&#8220; url_new_window=&#8220;on&#8220; align=&#8220;center&#8220; _builder_version=&#8220;4.7.7&#8243; _module_preset=&#8220;default&#8220; width=&#8220;100%&#8220; custom_margin=&#8220;40px||7px||false|false&#8220; custom_padding=&#8220;||59px|||&#8220;][\/et_pb_image][et_pb_image src=&#8220;https:\/\/club-alpbach-salzburg.org\/wp-content\/uploads\/2024\/05\/WKS_4C_transparent.jpg&#8220; title_text=&#8220;WKS_4C_transparent&#8220; _builder_version=&#8220;4.7.7&#8243; _module_preset=&#8220;default&#8220;][\/et_pb_image][\/et_pb_column][et_pb_column type=&#8220;1_4&#8243; _builder_version=&#8220;4.7.7&#8243; _module_preset=&#8220;default&#8220;][et_pb_image src=&#8220;https:\/\/club-alpbach-salzburg.org\/wp-content\/uploads\/2024\/04\/MAG_16-WS-Logo-4c-RGB-300dpi.jpg&#8220; title_text=&#8220;Druck&#8220; url_new_window=&#8220;on&#8220; align=&#8220;center&#8220; _builder_version=&#8220;4.7.7&#8243; _module_preset=&#8220;default&#8220; width=&#8220;100%&#8220; custom_margin=&#8220;40px||80px||false|false&#8220;][\/et_pb_image][et_pb_image src=&#8220;https:\/\/club-alpbach-salzburg.org\/wp-content\/uploads\/2024\/11\/Land-Salzburg.png&#8220; title_text=&#8220;Land Salzburg&#8220; _builder_version=&#8220;4.7.7&#8243; _module_preset=&#8220;default&#8220;][\/et_pb_image][\/et_pb_column][\/et_pb_row][et_pb_row _builder_version=&#8220;4.7.7&#8243; _module_preset=&#8220;default&#8220;][et_pb_column type=&#8220;4_4&#8243; _builder_version=&#8220;4.7.7&#8243; _module_preset=&#8220;default&#8220;][et_pb_text _builder_version=&#8220;4.7.7&#8243; _module_preset=&#8220;default&#8220;]<\/p>\n<h2>Interesse an einer Partnerschaft?<\/h2>\n<p>Es gibt viele unterschiedliche M\u00f6glichkeiten, den Club zu unterst\u00fctzen. Finanzreferent Lorenz Ehrenfelder schn\u00fcrt mit Erfahrung und Kreativit\u00e4t das passende Partnership-Paket. Bei Fragen, Ideen, Vorschl\u00e4gen:\u00a0<a href=\"mailto:l.ehrenfeldner@club-alpbach-salzburg.org\">\u00a0l.ehrenfeldner@club-alpbach-salzburg.org<\/a><\/p>\n<p>[\/et_pb_text][\/et_pb_column][\/et_pb_row][\/et_pb_section]<\/p>\n","protected":false},"excerpt":{"rendered":"<p>[et_pb_section fb_built=&#8220;1&#8243; fullwidth=&#8220;on&#8220; _builder_version=&#8220;4.7.7&#8243; _module_preset=&#8220;default&#8220; height=&#8220;520px&#8220;][et_pb_fullwidth_slider _builder_version=&#8220;4.7.7&#8243; _module_preset=&#8220;default&#8220; header_font=&#8220;|600|||||||&#8220; background_image=&#8220;http:\/\/www.ema-design.at\/CAS2021\/wp-content\/uploads\/2021\/07\/Kopie-von-2017_08_27_Alpbach-36.jpg&#8220; height=&#8220;520px&#8220;][et_pb_slide heading=&#8220;Partnerorganisationen&#8220; _builder_version=&#8220;4.7.7&#8243; _module_preset=&#8220;default&#8220; background_image=&#8220;https:\/\/club-alpbach-salzburg.org\/wp-content\/uploads\/2021\/07\/Kopie-von-2017_08_27_Alpbach-36.jpg&#8220; background_enable_image=&#8220;on&#8220; sticky_transition=&#8220;on&#8220;][\/et_pb_slide][\/et_pb_fullwidth_slider][\/et_pb_section][et_pb_section fb_built=&#8220;1&#8243; _builder_version=&#8220;4.7.7&#8243; _module_preset=&#8220;default&#8220;][et_pb_row _builder_version=&#8220;4.7.7&#8243; _module_preset=&#8220;default&#8220;][et_pb_column type=&#8220;4_4&#8243; _builder_version=&#8220;4.7.7&#8243; _module_preset=&#8220;default&#8220;][et_pb_text _builder_version=&#8220;4.7.7&#8243; _module_preset=&#8220;default&#8220; custom_padding=&#8220;0px|||||&#8220;] Ohne die gro\u00dfz\u00fcgige Unterst\u00fctzung unserer\u00a0zahlreichen\u00a0Partner w\u00e4re\u00a0der Club Alpbach Salzburg\u00a0nicht in der Lage, j\u00e4hrlich begeisterten jungen Menschen die Teilnahme am Europ\u00e4ischen Forum Alpbach zu erm\u00f6glichen.\u00a0Wir bedanken uns sehr [&hellip;]<\/p>\n","protected":false},"author":1,"featured_media":0,"parent":0,"menu_order":0,"comment_status":"closed","ping_status":"closed","template":"","meta":{"_et_pb_use_builder":"on","_et_pb_old_content":"","_et_gb_content_width":"","footnotes":""},"class_list":["post-25","page","type-page","status-publish","hentry"],"yoast_head":"<!-- This site is optimized with the Yoast SEO plugin v22.9 - https:\/\/yoast.com\/wordpress\/plugins\/seo\/ -->\n<title>Partner - Club Alpbach Salzburg<\/title>\n<meta name=\"robots\" content=\"index, follow, max-snippet:-1, max-image-preview:large, max-video-preview:-1\" \/>\n<link rel=\"canonical\" href=\"https:\/\/club-alpbach-salzburg.org\/?page_id=25\" \/>\n<meta property=\"og:locale\" content=\"de_DE\" \/>\n<meta property=\"og:type\" content=\"article\" \/>\n<meta property=\"og:title\" content=\"Partner - Club Alpbach Salzburg\" \/>\n<meta property=\"og:description\" content=\"[et_pb_section fb_built=&#8220;1&#8243; fullwidth=&#8220;on&#8220; _builder_version=&#8220;4.7.7&#8243; _module_preset=&#8220;default&#8220; height=&#8220;520px&#8220;][et_pb_fullwidth_slider _builder_version=&#8220;4.7.7&#8243; _module_preset=&#8220;default&#8220; header_font=&#8220;|600|||||||&#8220; background_image=&#8220;http:\/\/www.ema-design.at\/CAS2021\/wp-content\/uploads\/2021\/07\/Kopie-von-2017_08_27_Alpbach-36.jpg&#8220; height=&#8220;520px&#8220;][et_pb_slide heading=&#8220;Partnerorganisationen&#8220; _builder_version=&#8220;4.7.7&#8243; _module_preset=&#8220;default&#8220; background_image=&#8220;https:\/\/club-alpbach-salzburg.org\/wp-content\/uploads\/2021\/07\/Kopie-von-2017_08_27_Alpbach-36.jpg&#8220; background_enable_image=&#8220;on&#8220; sticky_transition=&#8220;on&#8220;][\/et_pb_slide][\/et_pb_fullwidth_slider][\/et_pb_section][et_pb_section fb_built=&#8220;1&#8243; _builder_version=&#8220;4.7.7&#8243; _module_preset=&#8220;default&#8220;][et_pb_row _builder_version=&#8220;4.7.7&#8243; _module_preset=&#8220;default&#8220;][et_pb_column type=&#8220;4_4&#8243; _builder_version=&#8220;4.7.7&#8243; _module_preset=&#8220;default&#8220;][et_pb_text _builder_version=&#8220;4.7.7&#8243; _module_preset=&#8220;default&#8220; custom_padding=&#8220;0px|||||&#8220;] Ohne die gro\u00dfz\u00fcgige Unterst\u00fctzung unserer\u00a0zahlreichen\u00a0Partner w\u00e4re\u00a0der Club Alpbach Salzburg\u00a0nicht in der Lage, j\u00e4hrlich begeisterten jungen Menschen die Teilnahme am Europ\u00e4ischen Forum Alpbach zu erm\u00f6glichen.\u00a0Wir bedanken uns sehr [&hellip;]\" \/>\n<meta property=\"og:url\" content=\"https:\/\/club-alpbach-salzburg.org\/?page_id=25\" \/>\n<meta property=\"og:site_name\" content=\"Club Alpbach Salzburg\" \/>\n<meta property=\"article:modified_time\" content=\"2025-06-21T17:01:30+00:00\" \/>\n<meta name=\"twitter:card\" content=\"summary_large_image\" \/>\n<meta name=\"twitter:label1\" content=\"Gesch\u00e4tzte Lesezeit\" \/>\n\t<meta name=\"twitter:data1\" content=\"1\u00a0Minute\" \/>\n<script type=\"application\/ld+json\" class=\"yoast-schema-graph\">{\"@context\":\"https:\/\/schema.org\",\"@graph\":[{\"@type\":\"WebPage\",\"@id\":\"https:\/\/club-alpbach-salzburg.org\/?page_id=25\",\"url\":\"https:\/\/club-alpbach-salzburg.org\/?page_id=25\",\"name\":\"Partner - Club Alpbach Salzburg\",\"isPartOf\":{\"@id\":\"https:\/\/club-alpbach-salzburg.org\/#website\"},\"datePublished\":\"2021-02-23T19:54:08+00:00\",\"dateModified\":\"2025-06-21T17:01:30+00:00\",\"breadcrumb\":{\"@id\":\"https:\/\/club-alpbach-salzburg.org\/?page_id=25#breadcrumb\"},\"inLanguage\":\"de\",\"potentialAction\":[{\"@type\":\"ReadAction\",\"target\":[\"https:\/\/club-alpbach-salzburg.org\/?page_id=25\"]}]},{\"@type\":\"BreadcrumbList\",\"@id\":\"https:\/\/club-alpbach-salzburg.org\/?page_id=25#breadcrumb\",\"itemListElement\":[{\"@type\":\"ListItem\",\"position\":1,\"name\":\"Startseite\",\"item\":\"https:\/\/club-alpbach-salzburg.org\/\"},{\"@type\":\"ListItem\",\"position\":2,\"name\":\"Partner\"}]},{\"@type\":\"WebSite\",\"@id\":\"https:\/\/club-alpbach-salzburg.org\/#website\",\"url\":\"https:\/\/club-alpbach-salzburg.org\/\",\"name\":\"Club Alpbach Salzburg\",\"description\":\"\",\"potentialAction\":[{\"@type\":\"SearchAction\",\"target\":{\"@type\":\"EntryPoint\",\"urlTemplate\":\"https:\/\/club-alpbach-salzburg.org\/?s={search_term_string}\"},\"query-input\":\"required name=search_term_string\"}],\"inLanguage\":\"de\"}]}<\/script>\n<!-- \/ Yoast SEO plugin. -->","yoast_head_json":{"title":"Partner - Club Alpbach Salzburg","robots":{"index":"index","follow":"follow","max-snippet":"max-snippet:-1","max-image-preview":"max-image-preview:large","max-video-preview":"max-video-preview:-1"},"canonical":"https:\/\/club-alpbach-salzburg.org\/?page_id=25","og_locale":"de_DE","og_type":"article","og_title":"Partner - Club Alpbach Salzburg","og_description":"[et_pb_section fb_built=&#8220;1&#8243; fullwidth=&#8220;on&#8220; _builder_version=&#8220;4.7.7&#8243; _module_preset=&#8220;default&#8220; height=&#8220;520px&#8220;][et_pb_fullwidth_slider _builder_version=&#8220;4.7.7&#8243; _module_preset=&#8220;default&#8220; header_font=&#8220;|600|||||||&#8220; background_image=&#8220;http:\/\/www.ema-design.at\/CAS2021\/wp-content\/uploads\/2021\/07\/Kopie-von-2017_08_27_Alpbach-36.jpg&#8220; height=&#8220;520px&#8220;][et_pb_slide heading=&#8220;Partnerorganisationen&#8220; _builder_version=&#8220;4.7.7&#8243; _module_preset=&#8220;default&#8220; background_image=&#8220;https:\/\/club-alpbach-salzburg.org\/wp-content\/uploads\/2021\/07\/Kopie-von-2017_08_27_Alpbach-36.jpg&#8220; background_enable_image=&#8220;on&#8220; sticky_transition=&#8220;on&#8220;][\/et_pb_slide][\/et_pb_fullwidth_slider][\/et_pb_section][et_pb_section fb_built=&#8220;1&#8243; _builder_version=&#8220;4.7.7&#8243; _module_preset=&#8220;default&#8220;][et_pb_row _builder_version=&#8220;4.7.7&#8243; _module_preset=&#8220;default&#8220;][et_pb_column type=&#8220;4_4&#8243; _builder_version=&#8220;4.7.7&#8243; _module_preset=&#8220;default&#8220;][et_pb_text _builder_version=&#8220;4.7.7&#8243; _module_preset=&#8220;default&#8220; custom_padding=&#8220;0px|||||&#8220;] Ohne die gro\u00dfz\u00fcgige Unterst\u00fctzung unserer\u00a0zahlreichen\u00a0Partner w\u00e4re\u00a0der Club Alpbach Salzburg\u00a0nicht in der Lage, j\u00e4hrlich begeisterten jungen Menschen die Teilnahme am Europ\u00e4ischen Forum Alpbach zu erm\u00f6glichen.\u00a0Wir bedanken uns sehr [&hellip;]","og_url":"https:\/\/club-alpbach-salzburg.org\/?page_id=25","og_site_name":"Club Alpbach Salzburg","article_modified_time":"2025-06-21T17:01:30+00:00","twitter_card":"summary_large_image","twitter_misc":{"Gesch\u00e4tzte Lesezeit":"1\u00a0Minute"},"schema":{"@context":"https:\/\/schema.org","@graph":[{"@type":"WebPage","@id":"https:\/\/club-alpbach-salzburg.org\/?page_id=25","url":"https:\/\/club-alpbach-salzburg.org\/?page_id=25","name":"Partner - Club Alpbach Salzburg","isPartOf":{"@id":"https:\/\/club-alpbach-salzburg.org\/#website"},"datePublished":"2021-02-23T19:54:08+00:00","dateModified":"2025-06-21T17:01:30+00:00","breadcrumb":{"@id":"https:\/\/club-alpbach-salzburg.org\/?page_id=25#breadcrumb"},"inLanguage":"de","potentialAction":[{"@type":"ReadAction","target":["https:\/\/club-alpbach-salzburg.org\/?page_id=25"]}]},{"@type":"BreadcrumbList","@id":"https:\/\/club-alpbach-salzburg.org\/?page_id=25#breadcrumb","itemListElement":[{"@type":"ListItem","position":1,"name":"Startseite","item":"https:\/\/club-alpbach-salzburg.org\/"},{"@type":"ListItem","position":2,"name":"Partner"}]},{"@type":"WebSite","@id":"https:\/\/club-alpbach-salzburg.org\/#website","url":"https:\/\/club-alpbach-salzburg.org\/","name":"Club Alpbach Salzburg","description":"","potentialAction":[{"@type":"SearchAction","target":{"@type":"EntryPoint","urlTemplate":"https:\/\/club-alpbach-salzburg.org\/?s={search_term_string}"},"query-input":"required name=search_term_string"}],"inLanguage":"de"}]}},"_links":{"self":[{"href":"https:\/\/club-alpbach-salzburg.org\/index.php?rest_route=\/wp\/v2\/pages\/25","targetHints":{"allow":["GET"]}}],"collection":[{"href":"https:\/\/club-alpbach-salzburg.org\/index.php?rest_route=\/wp\/v2\/pages"}],"about":[{"href":"https:\/\/club-alpbach-salzburg.org\/index.php?rest_route=\/wp\/v2\/types\/page"}],"author":[{"embeddable":true,"href":"https:\/\/club-alpbach-salzburg.org\/index.php?rest_route=\/wp\/v2\/users\/1"}],"replies":[{"embeddable":true,"href":"https:\/\/club-alpbach-salzburg.org\/index.php?rest_route=%2Fwp%2Fv2%2Fcomments&post=25"}],"version-history":[{"count":39,"href":"https:\/\/club-alpbach-salzburg.org\/index.php?rest_route=\/wp\/v2\/pages\/25\/revisions"}],"predecessor-version":[{"id":5473,"href":"https:\/\/club-alpbach-salzburg.org\/index.php?rest_route=\/wp\/v2\/pages\/25\/revisions\/5473"}],"wp:attachment":[{"href":"https:\/\/club-alpbach-salzburg.org\/index.php?rest_route=%2Fwp%2Fv2%2Fmedia&parent=25"}],"curies":[{"name":"wp","href":"https:\/\/api.w.org\/{rel}","templated":true}]}}