{"id":4061,"date":"2021-07-07T22:39:25","date_gmt":"2021-07-07T20:39:25","guid":{"rendered":"http:\/\/www.ema-design.at\/CAS2021\/?page_id=4061"},"modified":"2026-04-12T19:36:22","modified_gmt":"2026-04-12T17:36:22","slug":"bewerbung","status":"publish","type":"page","link":"https:\/\/club-alpbach-salzburg.org\/?page_id=4061","title":{"rendered":"Bewerbung"},"content":{"rendered":"<p>[et_pb_section fb_built=&#8220;1&#8243; fullwidth=&#8220;on&#8220; _builder_version=&#8220;4.7.7&#8243; _module_preset=&#8220;default&#8220; height=&#8220;520px&#8220;][et_pb_fullwidth_slider _builder_version=&#8220;4.7.7&#8243; _module_preset=&#8220;default&#8220; header_font=&#8220;|600|||||||&#8220; background_enable_image=&#8220;off&#8220; height=&#8220;520px&#8220;][et_pb_slide heading=&#8220;Bewerbung&#8220; _builder_version=&#8220;4.7.7&#8243; _module_preset=&#8220;default&#8220; use_background_color_gradient=&#8220;on&#8220; background_color_gradient_start=&#8220;rgba(0,0,0,0)&#8220; background_color_gradient_end=&#8220;rgba(0,0,0,0)&#8220; background_color_gradient_start_position=&#8220;38%&#8220; background_color_gradient_overlays_image=&#8220;on&#8220; background_image=&#8220;https:\/\/club-alpbach-salzburg.org\/wp-content\/uploads\/2021\/07\/DSC02050-Kopie-scaled.jpg&#8220; background_enable_image=&#8220;on&#8220; sticky_transition=&#8220;on&#8220;][\/et_pb_slide][\/et_pb_fullwidth_slider][\/et_pb_section][et_pb_section fb_built=&#8220;1&#8243; _builder_version=&#8220;4.7.7&#8243; _module_preset=&#8220;default&#8220;][et_pb_row _builder_version=&#8220;4.7.7&#8243; _module_preset=&#8220;default&#8220;][et_pb_column type=&#8220;4_4&#8243; _builder_version=&#8220;4.7.7&#8243; _module_preset=&#8220;default&#8220;][et_pb_text _builder_version=&#8220;4.7.7&#8243; _module_preset=&#8220;default&#8220;]<\/p>\n<h1><strong>Stipendium f\u00fcr das Europ\u00e4ische Forum Alpbach 2026<\/strong><br \/>\n24. August &#8211; 4. September<\/h1>\n<p>[\/et_pb_text][\/et_pb_column][\/et_pb_row][et_pb_row _builder_version=&#8220;4.7.7&#8243; _module_preset=&#8220;default&#8220;][et_pb_column type=&#8220;4_4&#8243; _builder_version=&#8220;4.7.7&#8243; _module_preset=&#8220;default&#8220;][et_pb_text _builder_version=&#8220;4.7.7&#8243; _module_preset=&#8220;default&#8220;]Die Bewerbungsphase f\u00fcr das EFA 2026 ist vom 1. M\u00e4rz bis zum 6. April 2026 ge\u00f6ffnet.[\/et_pb_text][et_pb_button button_text=&#8220;Die Bewerbung ist geschlossen&#8220; _builder_version=&#8220;4.7.7&#8243; _module_preset=&#8220;default&#8220; hover_enabled=&#8220;0&#8243; sticky_enabled=&#8220;0&#8243;][\/et_pb_button][\/et_pb_column][\/et_pb_row][et_pb_row _builder_version=&#8220;4.7.7&#8243; _module_preset=&#8220;default&#8220;][et_pb_column type=&#8220;4_4&#8243; _builder_version=&#8220;4.7.7&#8243; _module_preset=&#8220;default&#8220;][et_pb_text _builder_version=&#8220;4.7.7&#8243; _module_preset=&#8220;default&#8220;]<\/p>\n<p style=\"text-align: left;\">Wir freuen uns auf Deine Bewerbung! F\u00fcr Fragen steht unser Stipendiat*innen-Team jederzeit gerne zur Verf\u00fcgung: <a href=\"mailto:stipendium@club-alpbach-salzburg.org\">stipendium@club-alpbach-salzburg.org<\/a>.<\/p>\n<p style=\"text-align: left;\">Folge uns auch auf unserem Instagram und LinkedIn. Somit bist du immer auf dem neuesten Stand f\u00fcr aktuelle Events. Dort kannst du uns kennenlernen, mehr \u00fcber das Forum erfahren und alle deine Fragen zum Bewerbungsprozess stellen!<\/p>\n<p style=\"text-align: left;\"><strong>ACHTUNG: Solltest du 7 Tage nach deiner Bewerbung noch keine Best\u00e4tigungsmail erhalten haben oder es gibt technische Schwierigkeiten beim Absenden der Bewerbung, sende bitte ein Mail mit allen oben gelisteten Informationen und Dokumenten an diese Mailadresse <a href=\"mailto:stipendium@club-alpbach-salzburg.org\">stipendium@club-alpbach-salzburg.org<\/a>.\u00a0<\/strong><\/p>\n<p style=\"text-align: left;\">[\/et_pb_text][\/et_pb_column][\/et_pb_row][\/et_pb_section][et_pb_section fb_built=&#8220;1&#8243; _builder_version=&#8220;4.7.7&#8243; _module_preset=&#8220;default&#8220;][et_pb_row column_structure=&#8220;1_2,1_2&#8243; _builder_version=&#8220;4.7.7&#8243; _module_preset=&#8220;default&#8220; custom_margin=&#8220;|10px|||false|false&#8220;][et_pb_column type=&#8220;1_2&#8243; _builder_version=&#8220;4.7.7&#8243; _module_preset=&#8220;default&#8220;][\/et_pb_column][et_pb_column type=&#8220;1_2&#8243; _builder_version=&#8220;4.7.7&#8243; _module_preset=&#8220;default&#8220;][et_pb_text _builder_version=&#8220;4.7.7&#8243; _module_preset=&#8220;default&#8220; custom_margin=&#8220;10px|10px|10px||false|false&#8220;]<\/p>\n<p style=\"text-align: right;\">Photo Header: Club Alpbach Salzburg, Salzburg<\/p>\n<p>[\/et_pb_text][\/et_pb_column][\/et_pb_row][\/et_pb_section]<\/p>\n","protected":false},"excerpt":{"rendered":"<p>[et_pb_section fb_built=&#8220;1&#8243; fullwidth=&#8220;on&#8220; _builder_version=&#8220;4.7.7&#8243; _module_preset=&#8220;default&#8220; height=&#8220;520px&#8220;][et_pb_fullwidth_slider _builder_version=&#8220;4.7.7&#8243; _module_preset=&#8220;default&#8220; header_font=&#8220;|600|||||||&#8220; background_enable_image=&#8220;off&#8220; height=&#8220;520px&#8220;][et_pb_slide heading=&#8220;Bewerbung&#8220; _builder_version=&#8220;4.7.7&#8243; _module_preset=&#8220;default&#8220; use_background_color_gradient=&#8220;on&#8220; background_color_gradient_start=&#8220;rgba(0,0,0,0)&#8220; background_color_gradient_end=&#8220;rgba(0,0,0,0)&#8220; background_color_gradient_start_position=&#8220;38%&#8220; background_color_gradient_overlays_image=&#8220;on&#8220; background_image=&#8220;https:\/\/club-alpbach-salzburg.org\/wp-content\/uploads\/2021\/07\/DSC02050-Kopie-scaled.jpg&#8220; background_enable_image=&#8220;on&#8220; sticky_transition=&#8220;on&#8220;][\/et_pb_slide][\/et_pb_fullwidth_slider][\/et_pb_section][et_pb_section fb_built=&#8220;1&#8243; _builder_version=&#8220;4.7.7&#8243; _module_preset=&#8220;default&#8220;][et_pb_row _builder_version=&#8220;4.7.7&#8243; _module_preset=&#8220;default&#8220;][et_pb_column type=&#8220;4_4&#8243; _builder_version=&#8220;4.7.7&#8243; _module_preset=&#8220;default&#8220;][et_pb_text _builder_version=&#8220;4.7.7&#8243; _module_preset=&#8220;default&#8220;] Stipendium f\u00fcr das Europ\u00e4ische Forum Alpbach 2026 24. August &#8211; 4. September [\/et_pb_text][\/et_pb_column][\/et_pb_row][et_pb_row _builder_version=&#8220;4.7.7&#8243; _module_preset=&#8220;default&#8220;][et_pb_column type=&#8220;4_4&#8243; _builder_version=&#8220;4.7.7&#8243; _module_preset=&#8220;default&#8220;][et_pb_text _builder_version=&#8220;4.7.7&#8243; _module_preset=&#8220;default&#8220;]Die Bewerbungsphase f\u00fcr das [&hellip;]<\/p>\n","protected":false},"author":1,"featured_media":0,"parent":0,"menu_order":0,"comment_status":"closed","ping_status":"closed","template":"","meta":{"_et_pb_use_builder":"on","_et_pb_old_content":"","_et_gb_content_width":"","footnotes":""},"class_list":["post-4061","page","type-page","status-publish","hentry"],"yoast_head":"<!-- This site is optimized with the Yoast SEO plugin v22.9 - https:\/\/yoast.com\/wordpress\/plugins\/seo\/ -->\n<title>Bewerbung - Club Alpbach Salzburg<\/title>\n<meta name=\"robots\" content=\"index, follow, max-snippet:-1, max-image-preview:large, max-video-preview:-1\" \/>\n<link rel=\"canonical\" href=\"https:\/\/club-alpbach-salzburg.org\/?page_id=4061\" \/>\n<meta property=\"og:locale\" content=\"de_DE\" \/>\n<meta property=\"og:type\" content=\"article\" \/>\n<meta property=\"og:title\" content=\"Bewerbung - Club Alpbach Salzburg\" \/>\n<meta property=\"og:description\" content=\"[et_pb_section fb_built=&#8220;1&#8243; fullwidth=&#8220;on&#8220; _builder_version=&#8220;4.7.7&#8243; _module_preset=&#8220;default&#8220; height=&#8220;520px&#8220;][et_pb_fullwidth_slider _builder_version=&#8220;4.7.7&#8243; _module_preset=&#8220;default&#8220; header_font=&#8220;|600|||||||&#8220; background_enable_image=&#8220;off&#8220; height=&#8220;520px&#8220;][et_pb_slide heading=&#8220;Bewerbung&#8220; _builder_version=&#8220;4.7.7&#8243; _module_preset=&#8220;default&#8220; use_background_color_gradient=&#8220;on&#8220; background_color_gradient_start=&#8220;rgba(0,0,0,0)&#8220; background_color_gradient_end=&#8220;rgba(0,0,0,0)&#8220; background_color_gradient_start_position=&#8220;38%&#8220; background_color_gradient_overlays_image=&#8220;on&#8220; background_image=&#8220;https:\/\/club-alpbach-salzburg.org\/wp-content\/uploads\/2021\/07\/DSC02050-Kopie-scaled.jpg&#8220; background_enable_image=&#8220;on&#8220; sticky_transition=&#8220;on&#8220;][\/et_pb_slide][\/et_pb_fullwidth_slider][\/et_pb_section][et_pb_section fb_built=&#8220;1&#8243; _builder_version=&#8220;4.7.7&#8243; _module_preset=&#8220;default&#8220;][et_pb_row _builder_version=&#8220;4.7.7&#8243; _module_preset=&#8220;default&#8220;][et_pb_column type=&#8220;4_4&#8243; _builder_version=&#8220;4.7.7&#8243; _module_preset=&#8220;default&#8220;][et_pb_text _builder_version=&#8220;4.7.7&#8243; _module_preset=&#8220;default&#8220;] Stipendium f\u00fcr das Europ\u00e4ische Forum Alpbach 2026 24. August &#8211; 4. September [\/et_pb_text][\/et_pb_column][\/et_pb_row][et_pb_row _builder_version=&#8220;4.7.7&#8243; _module_preset=&#8220;default&#8220;][et_pb_column type=&#8220;4_4&#8243; _builder_version=&#8220;4.7.7&#8243; _module_preset=&#8220;default&#8220;][et_pb_text _builder_version=&#8220;4.7.7&#8243; _module_preset=&#8220;default&#8220;]Die Bewerbungsphase f\u00fcr das [&hellip;]\" \/>\n<meta property=\"og:url\" content=\"https:\/\/club-alpbach-salzburg.org\/?page_id=4061\" \/>\n<meta property=\"og:site_name\" content=\"Club Alpbach Salzburg\" \/>\n<meta property=\"article:modified_time\" content=\"2026-04-12T17:36:22+00:00\" \/>\n<meta name=\"twitter:card\" content=\"summary_large_image\" \/>\n<meta name=\"twitter:label1\" content=\"Gesch\u00e4tzte Lesezeit\" \/>\n\t<meta name=\"twitter:data1\" content=\"2\u00a0Minuten\" \/>\n<script type=\"application\/ld+json\" class=\"yoast-schema-graph\">{\"@context\":\"https:\/\/schema.org\",\"@graph\":[{\"@type\":\"WebPage\",\"@id\":\"https:\/\/club-alpbach-salzburg.org\/?page_id=4061\",\"url\":\"https:\/\/club-alpbach-salzburg.org\/?page_id=4061\",\"name\":\"Bewerbung - Club Alpbach Salzburg\",\"isPartOf\":{\"@id\":\"https:\/\/club-alpbach-salzburg.org\/#website\"},\"datePublished\":\"2021-07-07T20:39:25+00:00\",\"dateModified\":\"2026-04-12T17:36:22+00:00\",\"breadcrumb\":{\"@id\":\"https:\/\/club-alpbach-salzburg.org\/?page_id=4061#breadcrumb\"},\"inLanguage\":\"de\",\"potentialAction\":[{\"@type\":\"ReadAction\",\"target\":[\"https:\/\/club-alpbach-salzburg.org\/?page_id=4061\"]}]},{\"@type\":\"BreadcrumbList\",\"@id\":\"https:\/\/club-alpbach-salzburg.org\/?page_id=4061#breadcrumb\",\"itemListElement\":[{\"@type\":\"ListItem\",\"position\":1,\"name\":\"Startseite\",\"item\":\"https:\/\/club-alpbach-salzburg.org\/\"},{\"@type\":\"ListItem\",\"position\":2,\"name\":\"Bewerbung\"}]},{\"@type\":\"WebSite\",\"@id\":\"https:\/\/club-alpbach-salzburg.org\/#website\",\"url\":\"https:\/\/club-alpbach-salzburg.org\/\",\"name\":\"Club Alpbach Salzburg\",\"description\":\"\",\"potentialAction\":[{\"@type\":\"SearchAction\",\"target\":{\"@type\":\"EntryPoint\",\"urlTemplate\":\"https:\/\/club-alpbach-salzburg.org\/?s={search_term_string}\"},\"query-input\":\"required name=search_term_string\"}],\"inLanguage\":\"de\"}]}<\/script>\n<!-- \/ Yoast SEO plugin. -->","yoast_head_json":{"title":"Bewerbung - Club Alpbach Salzburg","robots":{"index":"index","follow":"follow","max-snippet":"max-snippet:-1","max-image-preview":"max-image-preview:large","max-video-preview":"max-video-preview:-1"},"canonical":"https:\/\/club-alpbach-salzburg.org\/?page_id=4061","og_locale":"de_DE","og_type":"article","og_title":"Bewerbung - Club Alpbach Salzburg","og_description":"[et_pb_section fb_built=&#8220;1&#8243; fullwidth=&#8220;on&#8220; _builder_version=&#8220;4.7.7&#8243; _module_preset=&#8220;default&#8220; height=&#8220;520px&#8220;][et_pb_fullwidth_slider _builder_version=&#8220;4.7.7&#8243; _module_preset=&#8220;default&#8220; header_font=&#8220;|600|||||||&#8220; background_enable_image=&#8220;off&#8220; height=&#8220;520px&#8220;][et_pb_slide heading=&#8220;Bewerbung&#8220; _builder_version=&#8220;4.7.7&#8243; _module_preset=&#8220;default&#8220; use_background_color_gradient=&#8220;on&#8220; background_color_gradient_start=&#8220;rgba(0,0,0,0)&#8220; background_color_gradient_end=&#8220;rgba(0,0,0,0)&#8220; background_color_gradient_start_position=&#8220;38%&#8220; background_color_gradient_overlays_image=&#8220;on&#8220; background_image=&#8220;https:\/\/club-alpbach-salzburg.org\/wp-content\/uploads\/2021\/07\/DSC02050-Kopie-scaled.jpg&#8220; background_enable_image=&#8220;on&#8220; sticky_transition=&#8220;on&#8220;][\/et_pb_slide][\/et_pb_fullwidth_slider][\/et_pb_section][et_pb_section fb_built=&#8220;1&#8243; _builder_version=&#8220;4.7.7&#8243; _module_preset=&#8220;default&#8220;][et_pb_row _builder_version=&#8220;4.7.7&#8243; _module_preset=&#8220;default&#8220;][et_pb_column type=&#8220;4_4&#8243; _builder_version=&#8220;4.7.7&#8243; _module_preset=&#8220;default&#8220;][et_pb_text _builder_version=&#8220;4.7.7&#8243; _module_preset=&#8220;default&#8220;] Stipendium f\u00fcr das Europ\u00e4ische Forum Alpbach 2026 24. August &#8211; 4. September [\/et_pb_text][\/et_pb_column][\/et_pb_row][et_pb_row _builder_version=&#8220;4.7.7&#8243; _module_preset=&#8220;default&#8220;][et_pb_column type=&#8220;4_4&#8243; _builder_version=&#8220;4.7.7&#8243; _module_preset=&#8220;default&#8220;][et_pb_text _builder_version=&#8220;4.7.7&#8243; _module_preset=&#8220;default&#8220;]Die Bewerbungsphase f\u00fcr das [&hellip;]","og_url":"https:\/\/club-alpbach-salzburg.org\/?page_id=4061","og_site_name":"Club Alpbach Salzburg","article_modified_time":"2026-04-12T17:36:22+00:00","twitter_card":"summary_large_image","twitter_misc":{"Gesch\u00e4tzte Lesezeit":"2\u00a0Minuten"},"schema":{"@context":"https:\/\/schema.org","@graph":[{"@type":"WebPage","@id":"https:\/\/club-alpbach-salzburg.org\/?page_id=4061","url":"https:\/\/club-alpbach-salzburg.org\/?page_id=4061","name":"Bewerbung - Club Alpbach Salzburg","isPartOf":{"@id":"https:\/\/club-alpbach-salzburg.org\/#website"},"datePublished":"2021-07-07T20:39:25+00:00","dateModified":"2026-04-12T17:36:22+00:00","breadcrumb":{"@id":"https:\/\/club-alpbach-salzburg.org\/?page_id=4061#breadcrumb"},"inLanguage":"de","potentialAction":[{"@type":"ReadAction","target":["https:\/\/club-alpbach-salzburg.org\/?page_id=4061"]}]},{"@type":"BreadcrumbList","@id":"https:\/\/club-alpbach-salzburg.org\/?page_id=4061#breadcrumb","itemListElement":[{"@type":"ListItem","position":1,"name":"Startseite","item":"https:\/\/club-alpbach-salzburg.org\/"},{"@type":"ListItem","position":2,"name":"Bewerbung"}]},{"@type":"WebSite","@id":"https:\/\/club-alpbach-salzburg.org\/#website","url":"https:\/\/club-alpbach-salzburg.org\/","name":"Club Alpbach Salzburg","description":"","potentialAction":[{"@type":"SearchAction","target":{"@type":"EntryPoint","urlTemplate":"https:\/\/club-alpbach-salzburg.org\/?s={search_term_string}"},"query-input":"required name=search_term_string"}],"inLanguage":"de"}]}},"_links":{"self":[{"href":"https:\/\/club-alpbach-salzburg.org\/index.php?rest_route=\/wp\/v2\/pages\/4061","targetHints":{"allow":["GET"]}}],"collection":[{"href":"https:\/\/club-alpbach-salzburg.org\/index.php?rest_route=\/wp\/v2\/pages"}],"about":[{"href":"https:\/\/club-alpbach-salzburg.org\/index.php?rest_route=\/wp\/v2\/types\/page"}],"author":[{"embeddable":true,"href":"https:\/\/club-alpbach-salzburg.org\/index.php?rest_route=\/wp\/v2\/users\/1"}],"replies":[{"embeddable":true,"href":"https:\/\/club-alpbach-salzburg.org\/index.php?rest_route=%2Fwp%2Fv2%2Fcomments&post=4061"}],"version-history":[{"count":35,"href":"https:\/\/club-alpbach-salzburg.org\/index.php?rest_route=\/wp\/v2\/pages\/4061\/revisions"}],"predecessor-version":[{"id":5691,"href":"https:\/\/club-alpbach-salzburg.org\/index.php?rest_route=\/wp\/v2\/pages\/4061\/revisions\/5691"}],"wp:attachment":[{"href":"https:\/\/club-alpbach-salzburg.org\/index.php?rest_route=%2Fwp%2Fv2%2Fmedia&parent=4061"}],"curies":[{"name":"wp","href":"https:\/\/api.w.org\/{rel}","templated":true}]}}