{"id":4488,"date":"2022-12-24T16:25:10","date_gmt":"2022-12-24T15:25:10","guid":{"rendered":"https:\/\/club-alpbach-salzburg.org\/?page_id=4488"},"modified":"2026-03-17T12:09:20","modified_gmt":"2026-03-17T11:09:20","slug":"annual-report_de","status":"publish","type":"page","link":"https:\/\/club-alpbach-salzburg.org\/?page_id=4488","title":{"rendered":"Jahresbericht"},"content":{"rendered":"<p>[et_pb_section fb_built=&#8220;1&#8243; fullwidth=&#8220;on&#8220; _builder_version=&#8220;4.7.7&#8243; _module_preset=&#8220;default&#8220; height=&#8220;520px&#8220; max_height=&#8220;520px&#8220;][et_pb_fullwidth_slider _builder_version=&#8220;4.7.7&#8243; _module_preset=&#8220;default&#8220; background_enable_image=&#8220;off&#8220; height=&#8220;520px&#8220; max_height=&#8220;520px&#8220; hover_enabled=&#8220;0&#8243; sticky_enabled=&#8220;0&#8243;][et_pb_slide heading=&#8220;Jahresbericht 2024\/25&#8243; _builder_version=&#8220;4.7.7&#8243; _module_preset=&#8220;default&#8220; header_font=&#8220;|700|||||||&#8220; background_image=&#8220;https:\/\/club-alpbach-salzburg.org\/wp-content\/uploads\/2025\/01\/240823_200449_efa24_sem_closing_lo_res_c_EFA_Andrei_Pungovschi-header.jpg&#8220; background_enable_image=&#8220;on&#8220; hover_enabled=&#8220;0&#8243; text_shadow_style=&#8220;preset2&#8243; sticky_transition=&#8220;on&#8220; sticky_enabled=&#8220;0&#8243;][\/et_pb_slide][\/et_pb_fullwidth_slider][\/et_pb_section][et_pb_section fb_built=&#8220;1&#8243; _builder_version=&#8220;4.7.7&#8243; _module_preset=&#8220;default&#8220;][et_pb_row _builder_version=&#8220;4.7.7&#8243; _module_preset=&#8220;default&#8220;][et_pb_column type=&#8220;4_4&#8243; _builder_version=&#8220;4.7.7&#8243; _module_preset=&#8220;default&#8220;][et_pb_text _builder_version=&#8220;4.7.7&#8243; _module_preset=&#8220;default&#8220;]<\/p>\n<p>Der Hauptzweck des Club Alpbach Salzburg ist es jungen Leuten die M\u00f6glichkeit zu verschaffen, am Europ\u00e4ischen Forum Alpbach teilzunehmen. Zus\u00e4tzlich haben wir es uns zum Ziel gesetzt, den &#8222;Spirit of Alpbach&#8220;, der gepr\u00e4gt ist von Neugierde und Interdisziplinarit\u00e4t, durch verschiedene Veranstaltungen auch nach Salzburg zu bringen. Uns ist wichtig, dass alle Meinungen Geh\u00f6r finden und mit Respekt und Offenheit diskutiert wird. Wir suchen stets neue Gedanken, andere Ansichten, fremde Gewohnheiten. Wir versuchen, unsere eigene soziale und intellektuelle Bubble immer wieder aufs Neue platzen zu lassen, und achten bei der Auswahl unserer Stipendiat*innen, Speaker*innen und Inhalte auf genau diese Offenheit und Vielfalt.<\/p>\n<h2><em>Wir wollen Raum f\u00fcr echten Dialog schaffen. Gewinnbringend, frei, provokant \u00fcber die Probleme unserer Zeit sprechen.<\/em><\/h2>\n<p>Um einen Einblick zu bekommen, was wir im vergangenen Jahr geleistet haben, k\u00f6nnt ihr hier in\u00a0unserem<strong>\u00a0Jahresbericht 2024\/2025<\/strong>\u00a0schm\u00f6kern.<\/p>\n<p>[\/et_pb_text][\/et_pb_column][\/et_pb_row][et_pb_row _builder_version=&#8220;4.7.7&#8243; _module_preset=&#8220;default&#8220;][et_pb_column type=&#8220;4_4&#8243; _builder_version=&#8220;4.7.7&#8243; _module_preset=&#8220;default&#8220;][et_pb_code _builder_version=&#8220;4.7.7&#8243; _module_preset=&#8220;default&#8220;]<div class=\"_3d-flip-book  fb3d-fullscreen-mode full-size\" data-id=\"0\" data-mode=\"fullscreen\" data-title=\"false\" data-template=\"short-white-book-view\" data-lightbox=\"dark-shadow\" data-urlparam=\"fb3d-page\" data-page-n=\"0\" data-pdf=\"https:\/\/club-alpbach-salzburg.org\/wp-content\/uploads\/2026\/03\/JB-25_compressed.pdf\" data-tax=\"null\" data-thumbnail=\"\" data-cols=\"3\" data-book-template=\"default\" data-trigger=\"\"><\/div><!-- [et_pb_line_break_holder] -->[\/et_pb_code][\/et_pb_column][\/et_pb_row][\/et_pb_section][et_pb_section fb_built=&#8220;1&#8243; _builder_version=&#8220;4.7.7&#8243; _module_preset=&#8220;default&#8220;][et_pb_row column_structure=&#8220;1_2,1_2&#8243; _builder_version=&#8220;4.7.7&#8243; _module_preset=&#8220;default&#8220; custom_margin=&#8220;|10px|||false|false&#8220;][et_pb_column type=&#8220;1_2&#8243; _builder_version=&#8220;4.7.7&#8243; _module_preset=&#8220;default&#8220;][\/et_pb_column][et_pb_column type=&#8220;1_2&#8243; _builder_version=&#8220;4.7.7&#8243; _module_preset=&#8220;default&#8220;][et_pb_text _builder_version=&#8220;4.7.7&#8243; _module_preset=&#8220;default&#8220; custom_margin=&#8220;10px|10px|10px||false|false&#8220;]<\/p>\n<p style=\"text-align: right;\">Photo Header: Andrei Pungovschi,\u00a0European Forum Alpbach<\/p>\n<p>[\/et_pb_text][\/et_pb_column][\/et_pb_row][\/et_pb_section]<\/p>\n","protected":false},"excerpt":{"rendered":"<p>[et_pb_section fb_built=&#8220;1&#8243; fullwidth=&#8220;on&#8220; _builder_version=&#8220;4.7.7&#8243; _module_preset=&#8220;default&#8220; height=&#8220;520px&#8220; max_height=&#8220;520px&#8220;][et_pb_fullwidth_slider _builder_version=&#8220;4.7.7&#8243; _module_preset=&#8220;default&#8220; background_enable_image=&#8220;off&#8220; height=&#8220;520px&#8220; max_height=&#8220;520px&#8220; hover_enabled=&#8220;0&#8243; sticky_enabled=&#8220;0&#8243;][et_pb_slide heading=&#8220;Jahresbericht 2024\/25&#8243; _builder_version=&#8220;4.7.7&#8243; _module_preset=&#8220;default&#8220; header_font=&#8220;|700|||||||&#8220; background_image=&#8220;https:\/\/club-alpbach-salzburg.org\/wp-content\/uploads\/2025\/01\/240823_200449_efa24_sem_closing_lo_res_c_EFA_Andrei_Pungovschi-header.jpg&#8220; background_enable_image=&#8220;on&#8220; hover_enabled=&#8220;0&#8243; text_shadow_style=&#8220;preset2&#8243; sticky_transition=&#8220;on&#8220; sticky_enabled=&#8220;0&#8243;][\/et_pb_slide][\/et_pb_fullwidth_slider][\/et_pb_section][et_pb_section fb_built=&#8220;1&#8243; _builder_version=&#8220;4.7.7&#8243; _module_preset=&#8220;default&#8220;][et_pb_row _builder_version=&#8220;4.7.7&#8243; _module_preset=&#8220;default&#8220;][et_pb_column type=&#8220;4_4&#8243; _builder_version=&#8220;4.7.7&#8243; _module_preset=&#8220;default&#8220;][et_pb_text _builder_version=&#8220;4.7.7&#8243; _module_preset=&#8220;default&#8220;] Der Hauptzweck des Club Alpbach Salzburg ist es jungen Leuten die M\u00f6glichkeit zu verschaffen, am Europ\u00e4ischen Forum Alpbach teilzunehmen. Zus\u00e4tzlich [&hellip;]<\/p>\n","protected":false},"author":1,"featured_media":0,"parent":0,"menu_order":0,"comment_status":"closed","ping_status":"closed","template":"","meta":{"_et_pb_use_builder":"on","_et_pb_old_content":"","_et_gb_content_width":"","footnotes":""},"class_list":["post-4488","page","type-page","status-publish","hentry"],"yoast_head":"<!-- This site is optimized with the Yoast SEO plugin v22.9 - https:\/\/yoast.com\/wordpress\/plugins\/seo\/ -->\n<title>Jahresbericht - Club Alpbach Salzburg<\/title>\n<meta name=\"robots\" content=\"index, follow, max-snippet:-1, max-image-preview:large, max-video-preview:-1\" \/>\n<link rel=\"canonical\" href=\"https:\/\/club-alpbach-salzburg.org\/?page_id=4488\" \/>\n<meta property=\"og:locale\" content=\"de_DE\" \/>\n<meta property=\"og:type\" content=\"article\" \/>\n<meta property=\"og:title\" content=\"Jahresbericht - Club Alpbach Salzburg\" \/>\n<meta property=\"og:description\" content=\"[et_pb_section fb_built=&#8220;1&#8243; fullwidth=&#8220;on&#8220; _builder_version=&#8220;4.7.7&#8243; _module_preset=&#8220;default&#8220; height=&#8220;520px&#8220; max_height=&#8220;520px&#8220;][et_pb_fullwidth_slider _builder_version=&#8220;4.7.7&#8243; _module_preset=&#8220;default&#8220; background_enable_image=&#8220;off&#8220; height=&#8220;520px&#8220; max_height=&#8220;520px&#8220; hover_enabled=&#8220;0&#8243; sticky_enabled=&#8220;0&#8243;][et_pb_slide heading=&#8220;Jahresbericht 2024\/25&#8243; _builder_version=&#8220;4.7.7&#8243; _module_preset=&#8220;default&#8220; header_font=&#8220;|700|||||||&#8220; background_image=&#8220;https:\/\/club-alpbach-salzburg.org\/wp-content\/uploads\/2025\/01\/240823_200449_efa24_sem_closing_lo_res_c_EFA_Andrei_Pungovschi-header.jpg&#8220; background_enable_image=&#8220;on&#8220; hover_enabled=&#8220;0&#8243; text_shadow_style=&#8220;preset2&#8243; sticky_transition=&#8220;on&#8220; sticky_enabled=&#8220;0&#8243;][\/et_pb_slide][\/et_pb_fullwidth_slider][\/et_pb_section][et_pb_section fb_built=&#8220;1&#8243; _builder_version=&#8220;4.7.7&#8243; _module_preset=&#8220;default&#8220;][et_pb_row _builder_version=&#8220;4.7.7&#8243; _module_preset=&#8220;default&#8220;][et_pb_column type=&#8220;4_4&#8243; _builder_version=&#8220;4.7.7&#8243; _module_preset=&#8220;default&#8220;][et_pb_text _builder_version=&#8220;4.7.7&#8243; _module_preset=&#8220;default&#8220;] Der Hauptzweck des Club Alpbach Salzburg ist es jungen Leuten die M\u00f6glichkeit zu verschaffen, am Europ\u00e4ischen Forum Alpbach teilzunehmen. Zus\u00e4tzlich [&hellip;]\" \/>\n<meta property=\"og:url\" content=\"https:\/\/club-alpbach-salzburg.org\/?page_id=4488\" \/>\n<meta property=\"og:site_name\" content=\"Club Alpbach Salzburg\" \/>\n<meta property=\"article:modified_time\" content=\"2026-03-17T11:09:20+00:00\" \/>\n<meta name=\"twitter:card\" content=\"summary_large_image\" \/>\n<meta name=\"twitter:label1\" content=\"Gesch\u00e4tzte Lesezeit\" \/>\n\t<meta name=\"twitter:data1\" content=\"2\u00a0Minuten\" \/>\n<script type=\"application\/ld+json\" class=\"yoast-schema-graph\">{\"@context\":\"https:\/\/schema.org\",\"@graph\":[{\"@type\":\"WebPage\",\"@id\":\"https:\/\/club-alpbach-salzburg.org\/?page_id=4488\",\"url\":\"https:\/\/club-alpbach-salzburg.org\/?page_id=4488\",\"name\":\"Jahresbericht - Club Alpbach Salzburg\",\"isPartOf\":{\"@id\":\"https:\/\/club-alpbach-salzburg.org\/#website\"},\"datePublished\":\"2022-12-24T15:25:10+00:00\",\"dateModified\":\"2026-03-17T11:09:20+00:00\",\"breadcrumb\":{\"@id\":\"https:\/\/club-alpbach-salzburg.org\/?page_id=4488#breadcrumb\"},\"inLanguage\":\"de\",\"potentialAction\":[{\"@type\":\"ReadAction\",\"target\":[\"https:\/\/club-alpbach-salzburg.org\/?page_id=4488\"]}]},{\"@type\":\"BreadcrumbList\",\"@id\":\"https:\/\/club-alpbach-salzburg.org\/?page_id=4488#breadcrumb\",\"itemListElement\":[{\"@type\":\"ListItem\",\"position\":1,\"name\":\"Startseite\",\"item\":\"https:\/\/club-alpbach-salzburg.org\/\"},{\"@type\":\"ListItem\",\"position\":2,\"name\":\"Jahresbericht\"}]},{\"@type\":\"WebSite\",\"@id\":\"https:\/\/club-alpbach-salzburg.org\/#website\",\"url\":\"https:\/\/club-alpbach-salzburg.org\/\",\"name\":\"Club Alpbach Salzburg\",\"description\":\"\",\"potentialAction\":[{\"@type\":\"SearchAction\",\"target\":{\"@type\":\"EntryPoint\",\"urlTemplate\":\"https:\/\/club-alpbach-salzburg.org\/?s={search_term_string}\"},\"query-input\":\"required name=search_term_string\"}],\"inLanguage\":\"de\"}]}<\/script>\n<!-- \/ Yoast SEO plugin. -->","yoast_head_json":{"title":"Jahresbericht - Club Alpbach Salzburg","robots":{"index":"index","follow":"follow","max-snippet":"max-snippet:-1","max-image-preview":"max-image-preview:large","max-video-preview":"max-video-preview:-1"},"canonical":"https:\/\/club-alpbach-salzburg.org\/?page_id=4488","og_locale":"de_DE","og_type":"article","og_title":"Jahresbericht - Club Alpbach Salzburg","og_description":"[et_pb_section fb_built=&#8220;1&#8243; fullwidth=&#8220;on&#8220; _builder_version=&#8220;4.7.7&#8243; _module_preset=&#8220;default&#8220; height=&#8220;520px&#8220; max_height=&#8220;520px&#8220;][et_pb_fullwidth_slider _builder_version=&#8220;4.7.7&#8243; _module_preset=&#8220;default&#8220; background_enable_image=&#8220;off&#8220; height=&#8220;520px&#8220; max_height=&#8220;520px&#8220; hover_enabled=&#8220;0&#8243; sticky_enabled=&#8220;0&#8243;][et_pb_slide heading=&#8220;Jahresbericht 2024\/25&#8243; _builder_version=&#8220;4.7.7&#8243; _module_preset=&#8220;default&#8220; header_font=&#8220;|700|||||||&#8220; background_image=&#8220;https:\/\/club-alpbach-salzburg.org\/wp-content\/uploads\/2025\/01\/240823_200449_efa24_sem_closing_lo_res_c_EFA_Andrei_Pungovschi-header.jpg&#8220; background_enable_image=&#8220;on&#8220; hover_enabled=&#8220;0&#8243; text_shadow_style=&#8220;preset2&#8243; sticky_transition=&#8220;on&#8220; sticky_enabled=&#8220;0&#8243;][\/et_pb_slide][\/et_pb_fullwidth_slider][\/et_pb_section][et_pb_section fb_built=&#8220;1&#8243; _builder_version=&#8220;4.7.7&#8243; _module_preset=&#8220;default&#8220;][et_pb_row _builder_version=&#8220;4.7.7&#8243; _module_preset=&#8220;default&#8220;][et_pb_column type=&#8220;4_4&#8243; _builder_version=&#8220;4.7.7&#8243; _module_preset=&#8220;default&#8220;][et_pb_text _builder_version=&#8220;4.7.7&#8243; _module_preset=&#8220;default&#8220;] Der Hauptzweck des Club Alpbach Salzburg ist es jungen Leuten die M\u00f6glichkeit zu verschaffen, am Europ\u00e4ischen Forum Alpbach teilzunehmen. Zus\u00e4tzlich [&hellip;]","og_url":"https:\/\/club-alpbach-salzburg.org\/?page_id=4488","og_site_name":"Club Alpbach Salzburg","article_modified_time":"2026-03-17T11:09:20+00:00","twitter_card":"summary_large_image","twitter_misc":{"Gesch\u00e4tzte Lesezeit":"2\u00a0Minuten"},"schema":{"@context":"https:\/\/schema.org","@graph":[{"@type":"WebPage","@id":"https:\/\/club-alpbach-salzburg.org\/?page_id=4488","url":"https:\/\/club-alpbach-salzburg.org\/?page_id=4488","name":"Jahresbericht - Club Alpbach Salzburg","isPartOf":{"@id":"https:\/\/club-alpbach-salzburg.org\/#website"},"datePublished":"2022-12-24T15:25:10+00:00","dateModified":"2026-03-17T11:09:20+00:00","breadcrumb":{"@id":"https:\/\/club-alpbach-salzburg.org\/?page_id=4488#breadcrumb"},"inLanguage":"de","potentialAction":[{"@type":"ReadAction","target":["https:\/\/club-alpbach-salzburg.org\/?page_id=4488"]}]},{"@type":"BreadcrumbList","@id":"https:\/\/club-alpbach-salzburg.org\/?page_id=4488#breadcrumb","itemListElement":[{"@type":"ListItem","position":1,"name":"Startseite","item":"https:\/\/club-alpbach-salzburg.org\/"},{"@type":"ListItem","position":2,"name":"Jahresbericht"}]},{"@type":"WebSite","@id":"https:\/\/club-alpbach-salzburg.org\/#website","url":"https:\/\/club-alpbach-salzburg.org\/","name":"Club Alpbach Salzburg","description":"","potentialAction":[{"@type":"SearchAction","target":{"@type":"EntryPoint","urlTemplate":"https:\/\/club-alpbach-salzburg.org\/?s={search_term_string}"},"query-input":"required name=search_term_string"}],"inLanguage":"de"}]}},"_links":{"self":[{"href":"https:\/\/club-alpbach-salzburg.org\/index.php?rest_route=\/wp\/v2\/pages\/4488","targetHints":{"allow":["GET"]}}],"collection":[{"href":"https:\/\/club-alpbach-salzburg.org\/index.php?rest_route=\/wp\/v2\/pages"}],"about":[{"href":"https:\/\/club-alpbach-salzburg.org\/index.php?rest_route=\/wp\/v2\/types\/page"}],"author":[{"embeddable":true,"href":"https:\/\/club-alpbach-salzburg.org\/index.php?rest_route=\/wp\/v2\/users\/1"}],"replies":[{"embeddable":true,"href":"https:\/\/club-alpbach-salzburg.org\/index.php?rest_route=%2Fwp%2Fv2%2Fcomments&post=4488"}],"version-history":[{"count":21,"href":"https:\/\/club-alpbach-salzburg.org\/index.php?rest_route=\/wp\/v2\/pages\/4488\/revisions"}],"predecessor-version":[{"id":5605,"href":"https:\/\/club-alpbach-salzburg.org\/index.php?rest_route=\/wp\/v2\/pages\/4488\/revisions\/5605"}],"wp:attachment":[{"href":"https:\/\/club-alpbach-salzburg.org\/index.php?rest_route=%2Fwp%2Fv2%2Fmedia&parent=4488"}],"curies":[{"name":"wp","href":"https:\/\/api.w.org\/{rel}","templated":true}]}}